{"id":289,"date":"2019-02-15T16:21:26","date_gmt":"2019-02-15T16:21:26","guid":{"rendered":"http:\/\/www.alegreadvocats.com\/servicios\/"},"modified":"2024-12-03T16:04:37","modified_gmt":"2024-12-03T16:04:37","slug":"servicios","status":"publish","type":"page","link":"https:\/\/www.alegreadvocats.com\/es\/servicios\/","title":{"rendered":"Servicios"},"content":{"rendered":"<p><div class=\"fusion-fullwidth fullwidth-box fusion-builder-row-1 nonhundred-percent-fullwidth non-hundred-percent-height-scrolling\" style=\"--awb-border-radius-top-left:0px;--awb-border-radius-top-right:0px;--awb-border-radius-bottom-right:0px;--awb-border-radius-bottom-left:0px;--awb-flex-wrap:wrap;\" ><div class=\"fusion-builder-row fusion-row\"><div class=\"fusion-layout-column fusion_builder_column fusion-builder-column-0 fusion_builder_column_1_1 1_1 fusion-one-full fusion-column-first fusion-column-last\" style=\"--awb-bg-size:cover;\"><div class=\"fusion-column-wrapper fusion-flex-column-wrapper-legacy\"><div class=\"fusion-text fusion-text-1\"><h1 class=\"titlepage\">\u00c1reas de especializaci\u00f3n<\/h1>\n<\/div><div class=\"fusion-clearfix\"><\/div><\/div><\/div><\/div><\/div><div class=\"fusion-fullwidth fullwidth-box fusion-builder-row-2 serveis nonhundred-percent-fullwidth non-hundred-percent-height-scrolling\" style=\"--awb-border-radius-top-left:0px;--awb-border-radius-top-right:0px;--awb-border-radius-bottom-right:0px;--awb-border-radius-bottom-left:0px;--awb-flex-wrap:wrap;\" id=\"servei1\" ><div class=\"fusion-builder-row fusion-row\"><div class=\"fusion-layout-column fusion_builder_column fusion-builder-column-1 fusion_builder_column_1_2 1_2 fusion-one-half fusion-column-first\" style=\"--awb-bg-size:cover;width:50%;width:calc(50% - ( ( 4% ) * 0.5 ) );margin-right: 4%;\"><div class=\"fusion-column-wrapper fusion-flex-column-wrapper-legacy\"><div class=\"fusion-text fusion-text-2\"><h2 class=\"titleservei\">Derecho Mercantil y Societario<\/h2>\n<p>A ALEGRE ADVOCATS, ofrecemos a nuestros clientes un asesoramiento jur\u00eddico de car\u00e1cter integral y continuado en todas aquellas cuestiones referentes a la normativa societaria mercantil que se aplica en el \u00e1mbito empresarial, ya sea en relaci\u00f3n a los \u00f3rganos de gobierno, socios o en las relaciones con terceros.<\/p>\n<\/div><div class=\"fusion-clearfix\"><\/div><\/div><\/div><div class=\"fusion-layout-column fusion_builder_column fusion-builder-column-2 fusion_builder_column_1_2 1_2 fusion-one-half fusion-column-last\" style=\"--awb-bg-size:cover;width:50%;width:calc(50% - ( ( 4% ) * 0.5 ) );\"><div class=\"fusion-column-wrapper fusion-flex-column-wrapper-legacy\"><div class=\"fusion-text fusion-text-3\"><p><img decoding=\"async\" class=\"alignnone wp-image-631 size-full\" src=\"https:\/\/www.alegreadvocats.com\/wp-content\/uploads\/2024\/12\/serveis-1.jpg\" alt=\"\" width=\"900\" height=\"749\" srcset=\"https:\/\/www.alegreadvocats.com\/wp-content\/uploads\/2024\/12\/serveis-1-200x166.jpg 200w, https:\/\/www.alegreadvocats.com\/wp-content\/uploads\/2024\/12\/serveis-1-300x250.jpg 300w, https:\/\/www.alegreadvocats.com\/wp-content\/uploads\/2024\/12\/serveis-1-400x333.jpg 400w, https:\/\/www.alegreadvocats.com\/wp-content\/uploads\/2024\/12\/serveis-1-600x499.jpg 600w, https:\/\/www.alegreadvocats.com\/wp-content\/uploads\/2024\/12\/serveis-1-768x639.jpg 768w, https:\/\/www.alegreadvocats.com\/wp-content\/uploads\/2024\/12\/serveis-1-800x666.jpg 800w, https:\/\/www.alegreadvocats.com\/wp-content\/uploads\/2024\/12\/serveis-1.jpg 900w\" sizes=\"(max-width: 900px) 100vw, 900px\" \/><\/p>\n<\/div><div class=\"fusion-clearfix\"><\/div><\/div><\/div><\/div><\/div><div id=\"serveinum2\" class=\"fusion-container-anchor\"><div class=\"fusion-fullwidth fullwidth-box fusion-builder-row-3 serveis nonhundred-percent-fullwidth non-hundred-percent-height-scrolling\" style=\"--awb-border-radius-top-left:0px;--awb-border-radius-top-right:0px;--awb-border-radius-bottom-right:0px;--awb-border-radius-bottom-left:0px;--awb-flex-wrap:wrap;\" id=\"servei2\" ><div class=\"fusion-builder-row fusion-row\"><div class=\"fusion-layout-column fusion_builder_column fusion-builder-column-3 fusion_builder_column_1_2 1_2 fusion-one-half fusion-column-first\" style=\"--awb-bg-size:cover;width:50%;width:calc(50% - ( ( 4% ) * 0.5 ) );margin-right: 4%;\"><div class=\"fusion-column-wrapper fusion-flex-column-wrapper-legacy\"><div class=\"fusion-text fusion-text-4\"><p><img decoding=\"async\" class=\"alignnone wp-image-633 size-full\" src=\"https:\/\/www.alegreadvocats.com\/wp-content\/uploads\/2024\/12\/serveis-2.jpg\" alt=\"\" width=\"900\" height=\"749\" srcset=\"https:\/\/www.alegreadvocats.com\/wp-content\/uploads\/2024\/12\/serveis-2-200x166.jpg 200w, https:\/\/www.alegreadvocats.com\/wp-content\/uploads\/2024\/12\/serveis-2-300x250.jpg 300w, https:\/\/www.alegreadvocats.com\/wp-content\/uploads\/2024\/12\/serveis-2-400x333.jpg 400w, https:\/\/www.alegreadvocats.com\/wp-content\/uploads\/2024\/12\/serveis-2-600x499.jpg 600w, https:\/\/www.alegreadvocats.com\/wp-content\/uploads\/2024\/12\/serveis-2-768x639.jpg 768w, https:\/\/www.alegreadvocats.com\/wp-content\/uploads\/2024\/12\/serveis-2-800x666.jpg 800w, https:\/\/www.alegreadvocats.com\/wp-content\/uploads\/2024\/12\/serveis-2.jpg 900w\" sizes=\"(max-width: 900px) 100vw, 900px\" \/><\/p>\n<\/div><div class=\"fusion-clearfix\"><\/div><\/div><\/div><div class=\"fusion-layout-column fusion_builder_column fusion-builder-column-4 fusion_builder_column_1_2 1_2 fusion-one-half fusion-column-last\" style=\"--awb-bg-size:cover;width:50%;width:calc(50% - ( ( 4% ) * 0.5 ) );\"><div class=\"fusion-column-wrapper fusion-flex-column-wrapper-legacy\"><div class=\"fusion-text fusion-text-5\"><h2 class=\"titleservei\">Derecho Laboral y de la Seguridad Social<\/h2>\n<p>En ALEGRE ADVOCATS, tenemos una amplia experiencia en el asesoramiento jur\u00eddico-laboral, a las empresas y a sus directivos, que incluye una actuaci\u00f3n preventiva que busca una \u00f3ptima organizaci\u00f3n empresarial en el \u00e1mbito laboral, negociaciones colectivas con representantes de los trabajadores y sindicatos, negociaci\u00f3n con el trabajador en caso de conflicto individual, con el Comit\u00e9, evitando conflictos sociales y consiguiendo un m\u00e1ximo rendimiento empresarial.<br \/>\nNos encargamos de la contrataci\u00f3n ordinaria y de directivos;<\/p>\n<ul>\n<li>Estructura salarial y empresarial<\/li>\n<li>Fijaci\u00f3n de jornadas de trabajo y vacaciones<\/li>\n<li>Modificaciones individuales y colectivas<\/li>\n<li>Tramitaci\u00f3n de todos los procesos judiciales laborales por cualquier conflicto de los despidos y otros<\/li>\n<li>Convenios aplicables<\/li>\n<li>Prevenci\u00f3n de riesgos y la gesti\u00f3n administrativa en su sentido m\u00e1s amplio<\/li>\n<li>Tramitaci\u00f3n de altas<\/li>\n<li>Tramitaci\u00f3n de bajas<\/li>\n<li>Variaciones de trabajadores y confirmaciones de incapacidad ante la Seguridad Social<\/li>\n<\/ul>\n<p>Con sistema RED de remisi\u00f3n de datos a la Tesorer\u00eda;<\/p>\n<ul>\n<li>Confecci\u00f3n de recibos de pago de salarios mensuales<\/li>\n<li>Gratificaciones extraordinarias y liquidaciones (finiquitos)<\/li>\n<li>Confecci\u00f3n de boletines de cotizaci\u00f3n al r\u00e9gimen de la Seguridad Social (TC1 y TC2)<\/li>\n<li>Confecci\u00f3n y presentaci\u00f3n de los contratos de trabajo y sus pr\u00f3rrogas<\/li>\n<li>Inspecciones de trabajo<\/li>\n<li>Partes de accidente<\/li>\n<li>Jubilaciones<\/li>\n<li>etc<\/li>\n<\/ul>\n<\/div><div class=\"fusion-clearfix\"><\/div><\/div><\/div><\/div><\/div><\/div><div class=\"fusion-fullwidth fullwidth-box fusion-builder-row-4 serveis nonhundred-percent-fullwidth non-hundred-percent-height-scrolling\" style=\"--awb-border-radius-top-left:0px;--awb-border-radius-top-right:0px;--awb-border-radius-bottom-right:0px;--awb-border-radius-bottom-left:0px;--awb-flex-wrap:wrap;\" id=\"servei3\" ><div class=\"fusion-builder-row fusion-row\"><div class=\"fusion-layout-column fusion_builder_column fusion-builder-column-5 fusion_builder_column_1_2 1_2 fusion-one-half fusion-column-first\" style=\"--awb-bg-size:cover;width:50%;width:calc(50% - ( ( 4% ) * 0.5 ) );margin-right: 4%;\"><div class=\"fusion-column-wrapper fusion-flex-column-wrapper-legacy\"><div class=\"fusion-text fusion-text-6\"><h2 class=\"titleservei\">Derecho Civil<\/h2>\n<p>A ALEGRE ADVOCATS, tratamos los asuntos de derecho civil en su sentido sentido m\u00e1s amplio:<\/p>\n<ul>\n<li>Asesoramiento<\/li>\n<li>Defiende y resoluci\u00f3n de conflictos en el \u00e1mbito de la contrataci\u00f3n<\/li>\n<li>Cuestiones de propiedad<\/li>\n<li>Derechos de garant\u00eda<\/li>\n<li>Derechos reales y fundamentales y consecuentemente confecci\u00f3n de contratos de todo tipos<\/li>\n<li>Compraventas<\/li>\n<li>Arrendamientos urbanos y r\u00fasticos<\/li>\n<li>Propiedades horizontales<\/li>\n<li>Reclamaciones de cantidad<\/li>\n<li>Prestaci\u00f3n de servicios<\/li>\n<li>Cesiones<\/li>\n<li>Sucesiones<\/li>\n<li>Testamentos<\/li>\n<li>Cuestiones de familia<\/li>\n<li>Separaciones<\/li>\n<li>Divorcios<\/li>\n<li>Mediaci\u00f3n en asuntos matrimoniales<\/li>\n<li>Incapacitaciones<\/li>\n<\/ul>\n<\/div><div class=\"fusion-clearfix\"><\/div><\/div><\/div><div class=\"fusion-layout-column fusion_builder_column fusion-builder-column-6 fusion_builder_column_1_2 1_2 fusion-one-half fusion-column-last\" style=\"--awb-bg-size:cover;width:50%;width:calc(50% - ( ( 4% ) * 0.5 ) );\"><div class=\"fusion-column-wrapper fusion-flex-column-wrapper-legacy\"><div class=\"fusion-text fusion-text-7\"><p><img decoding=\"async\" class=\"alignnone wp-image-635 size-full\" src=\"https:\/\/www.alegreadvocats.com\/wp-content\/uploads\/2024\/12\/serveis-3.jpg\" alt=\"\" width=\"900\" height=\"749\" srcset=\"https:\/\/www.alegreadvocats.com\/wp-content\/uploads\/2024\/12\/serveis-3-200x166.jpg 200w, https:\/\/www.alegreadvocats.com\/wp-content\/uploads\/2024\/12\/serveis-3-300x250.jpg 300w, https:\/\/www.alegreadvocats.com\/wp-content\/uploads\/2024\/12\/serveis-3-400x333.jpg 400w, https:\/\/www.alegreadvocats.com\/wp-content\/uploads\/2024\/12\/serveis-3-600x499.jpg 600w, https:\/\/www.alegreadvocats.com\/wp-content\/uploads\/2024\/12\/serveis-3-768x639.jpg 768w, https:\/\/www.alegreadvocats.com\/wp-content\/uploads\/2024\/12\/serveis-3-800x666.jpg 800w, https:\/\/www.alegreadvocats.com\/wp-content\/uploads\/2024\/12\/serveis-3.jpg 900w\" sizes=\"(max-width: 900px) 100vw, 900px\" \/><\/p>\n<\/div><div class=\"fusion-clearfix\"><\/div><\/div><\/div><\/div><\/div><\/p>\n","protected":false},"excerpt":{"rendered":"","protected":false},"author":1,"featured_media":0,"parent":0,"menu_order":0,"comment_status":"closed","ping_status":"closed","template":"100-width.php","meta":{"footnotes":""},"class_list":["post-289","page","type-page","status-publish","hentry"],"yoast_head":"<!-- This site is optimized with the Yoast SEO plugin v24.0 - https:\/\/yoast.com\/wordpress\/plugins\/seo\/ -->\n<title>\u00c0rees d&#039;especialitzaci\u00f3 - Alegre Advocats<\/title>\n<meta name=\"description\" content=\"Tenim un equip multidisciplinari i altament especialitzats en Dret Mercantil i Societari, Dret laboral, Seguretat Social i Dret Civil situats a Barcelona.\" \/>\n<meta name=\"robots\" content=\"index, follow, max-snippet:-1, max-image-preview:large, max-video-preview:-1\" \/>\n<link rel=\"canonical\" href=\"https:\/\/www.alegreadvocats.com\/es\/servicios\/\" \/>\n<meta property=\"og:locale\" content=\"es_ES\" \/>\n<meta property=\"og:type\" content=\"article\" \/>\n<meta property=\"og:title\" content=\"\u00c0rees d&#039;especialitzaci\u00f3 - Alegre Advocats\" \/>\n<meta property=\"og:description\" content=\"Tenim un equip multidisciplinari i altament especialitzats en Dret Mercantil i Societari, Dret laboral, Seguretat Social i Dret Civil situats a Barcelona.\" \/>\n<meta property=\"og:url\" content=\"https:\/\/www.alegreadvocats.com\/es\/servicios\/\" \/>\n<meta property=\"og:site_name\" content=\"Alegre Advocats\" \/>\n<meta property=\"article:modified_time\" content=\"2024-12-03T16:04:37+00:00\" \/>\n<meta property=\"og:image\" content=\"https:\/\/www.alegreadvocats.com\/wp-content\/uploads\/2024\/12\/serveis-1.jpg\" \/>\n\t<meta property=\"og:image:width\" content=\"900\" \/>\n\t<meta property=\"og:image:height\" content=\"749\" \/>\n\t<meta property=\"og:image:type\" content=\"image\/jpeg\" \/>\n<meta name=\"twitter:card\" content=\"summary_large_image\" \/>\n<meta name=\"twitter:label1\" content=\"Tiempo de lectura\" \/>\n\t<meta name=\"twitter:data1\" content=\"3 minutos\" \/>\n<script type=\"application\/ld+json\" class=\"yoast-schema-graph\">{\"@context\":\"https:\/\/schema.org\",\"@graph\":[{\"@type\":\"WebPage\",\"@id\":\"https:\/\/www.alegreadvocats.com\/es\/servicios\/\",\"url\":\"https:\/\/www.alegreadvocats.com\/es\/servicios\/\",\"name\":\"\u00c0rees d'especialitzaci\u00f3 - Alegre Advocats\",\"isPartOf\":{\"@id\":\"https:\/\/www.alegreadvocats.com\/#website\"},\"primaryImageOfPage\":{\"@id\":\"https:\/\/www.alegreadvocats.com\/es\/servicios\/#primaryimage\"},\"image\":{\"@id\":\"https:\/\/www.alegreadvocats.com\/es\/servicios\/#primaryimage\"},\"thumbnailUrl\":\"https:\/\/www.alegreadvocats.com\/wp-content\/uploads\/2024\/12\/serveis-1.jpg\",\"datePublished\":\"2019-02-15T16:21:26+00:00\",\"dateModified\":\"2024-12-03T16:04:37+00:00\",\"description\":\"Tenim un equip multidisciplinari i altament especialitzats en Dret Mercantil i Societari, Dret laboral, Seguretat Social i Dret Civil situats a Barcelona.\",\"breadcrumb\":{\"@id\":\"https:\/\/www.alegreadvocats.com\/es\/servicios\/#breadcrumb\"},\"inLanguage\":\"es\",\"potentialAction\":[{\"@type\":\"ReadAction\",\"target\":[\"https:\/\/www.alegreadvocats.com\/es\/servicios\/\"]}]},{\"@type\":\"ImageObject\",\"inLanguage\":\"es\",\"@id\":\"https:\/\/www.alegreadvocats.com\/es\/servicios\/#primaryimage\",\"url\":\"https:\/\/www.alegreadvocats.com\/wp-content\/uploads\/2024\/12\/serveis-1.jpg\",\"contentUrl\":\"https:\/\/www.alegreadvocats.com\/wp-content\/uploads\/2024\/12\/serveis-1.jpg\"},{\"@type\":\"BreadcrumbList\",\"@id\":\"https:\/\/www.alegreadvocats.com\/es\/servicios\/#breadcrumb\",\"itemListElement\":[{\"@type\":\"ListItem\",\"position\":1,\"name\":\"Portada\",\"item\":\"https:\/\/www.alegreadvocats.com\/es\/\"},{\"@type\":\"ListItem\",\"position\":2,\"name\":\"Servicios\"}]},{\"@type\":\"WebSite\",\"@id\":\"https:\/\/www.alegreadvocats.com\/#website\",\"url\":\"https:\/\/www.alegreadvocats.com\/\",\"name\":\"Alegre Advocats\",\"description\":\"Despatx d&#039;advocats a Barcelona\",\"publisher\":{\"@id\":\"https:\/\/www.alegreadvocats.com\/#organization\"},\"potentialAction\":[{\"@type\":\"SearchAction\",\"target\":{\"@type\":\"EntryPoint\",\"urlTemplate\":\"https:\/\/www.alegreadvocats.com\/?s={search_term_string}\"},\"query-input\":{\"@type\":\"PropertyValueSpecification\",\"valueRequired\":true,\"valueName\":\"search_term_string\"}}],\"inLanguage\":\"es\"},{\"@type\":\"Organization\",\"@id\":\"https:\/\/www.alegreadvocats.com\/#organization\",\"name\":\"ALEGRE ADVOCATS\",\"url\":\"https:\/\/www.alegreadvocats.com\/\",\"logo\":{\"@type\":\"ImageObject\",\"inLanguage\":\"es\",\"@id\":\"https:\/\/www.alegreadvocats.com\/#\/schema\/logo\/image\/\",\"url\":\"https:\/\/www.alegreadvocats.com\/wp-content\/uploads\/2019\/02\/LogoAlegreAdvocats400.png\",\"contentUrl\":\"https:\/\/www.alegreadvocats.com\/wp-content\/uploads\/2019\/02\/LogoAlegreAdvocats400.png\",\"width\":400,\"height\":80,\"caption\":\"ALEGRE ADVOCATS\"},\"image\":{\"@id\":\"https:\/\/www.alegreadvocats.com\/#\/schema\/logo\/image\/\"}}]}<\/script>\n<!-- \/ Yoast SEO plugin. -->","yoast_head_json":{"title":"\u00c0rees d'especialitzaci\u00f3 - Alegre Advocats","description":"Tenim un equip multidisciplinari i altament especialitzats en Dret Mercantil i Societari, Dret laboral, Seguretat Social i Dret Civil situats a Barcelona.","robots":{"index":"index","follow":"follow","max-snippet":"max-snippet:-1","max-image-preview":"max-image-preview:large","max-video-preview":"max-video-preview:-1"},"canonical":"https:\/\/www.alegreadvocats.com\/es\/servicios\/","og_locale":"es_ES","og_type":"article","og_title":"\u00c0rees d'especialitzaci\u00f3 - Alegre Advocats","og_description":"Tenim un equip multidisciplinari i altament especialitzats en Dret Mercantil i Societari, Dret laboral, Seguretat Social i Dret Civil situats a Barcelona.","og_url":"https:\/\/www.alegreadvocats.com\/es\/servicios\/","og_site_name":"Alegre Advocats","article_modified_time":"2024-12-03T16:04:37+00:00","og_image":[{"width":900,"height":749,"url":"https:\/\/www.alegreadvocats.com\/wp-content\/uploads\/2024\/12\/serveis-1.jpg","type":"image\/jpeg"}],"twitter_card":"summary_large_image","twitter_misc":{"Tiempo de lectura":"3 minutos"},"schema":{"@context":"https:\/\/schema.org","@graph":[{"@type":"WebPage","@id":"https:\/\/www.alegreadvocats.com\/es\/servicios\/","url":"https:\/\/www.alegreadvocats.com\/es\/servicios\/","name":"\u00c0rees d'especialitzaci\u00f3 - Alegre Advocats","isPartOf":{"@id":"https:\/\/www.alegreadvocats.com\/#website"},"primaryImageOfPage":{"@id":"https:\/\/www.alegreadvocats.com\/es\/servicios\/#primaryimage"},"image":{"@id":"https:\/\/www.alegreadvocats.com\/es\/servicios\/#primaryimage"},"thumbnailUrl":"https:\/\/www.alegreadvocats.com\/wp-content\/uploads\/2024\/12\/serveis-1.jpg","datePublished":"2019-02-15T16:21:26+00:00","dateModified":"2024-12-03T16:04:37+00:00","description":"Tenim un equip multidisciplinari i altament especialitzats en Dret Mercantil i Societari, Dret laboral, Seguretat Social i Dret Civil situats a Barcelona.","breadcrumb":{"@id":"https:\/\/www.alegreadvocats.com\/es\/servicios\/#breadcrumb"},"inLanguage":"es","potentialAction":[{"@type":"ReadAction","target":["https:\/\/www.alegreadvocats.com\/es\/servicios\/"]}]},{"@type":"ImageObject","inLanguage":"es","@id":"https:\/\/www.alegreadvocats.com\/es\/servicios\/#primaryimage","url":"https:\/\/www.alegreadvocats.com\/wp-content\/uploads\/2024\/12\/serveis-1.jpg","contentUrl":"https:\/\/www.alegreadvocats.com\/wp-content\/uploads\/2024\/12\/serveis-1.jpg"},{"@type":"BreadcrumbList","@id":"https:\/\/www.alegreadvocats.com\/es\/servicios\/#breadcrumb","itemListElement":[{"@type":"ListItem","position":1,"name":"Portada","item":"https:\/\/www.alegreadvocats.com\/es\/"},{"@type":"ListItem","position":2,"name":"Servicios"}]},{"@type":"WebSite","@id":"https:\/\/www.alegreadvocats.com\/#website","url":"https:\/\/www.alegreadvocats.com\/","name":"Alegre Advocats","description":"Despatx d&#039;advocats a Barcelona","publisher":{"@id":"https:\/\/www.alegreadvocats.com\/#organization"},"potentialAction":[{"@type":"SearchAction","target":{"@type":"EntryPoint","urlTemplate":"https:\/\/www.alegreadvocats.com\/?s={search_term_string}"},"query-input":{"@type":"PropertyValueSpecification","valueRequired":true,"valueName":"search_term_string"}}],"inLanguage":"es"},{"@type":"Organization","@id":"https:\/\/www.alegreadvocats.com\/#organization","name":"ALEGRE ADVOCATS","url":"https:\/\/www.alegreadvocats.com\/","logo":{"@type":"ImageObject","inLanguage":"es","@id":"https:\/\/www.alegreadvocats.com\/#\/schema\/logo\/image\/","url":"https:\/\/www.alegreadvocats.com\/wp-content\/uploads\/2019\/02\/LogoAlegreAdvocats400.png","contentUrl":"https:\/\/www.alegreadvocats.com\/wp-content\/uploads\/2019\/02\/LogoAlegreAdvocats400.png","width":400,"height":80,"caption":"ALEGRE ADVOCATS"},"image":{"@id":"https:\/\/www.alegreadvocats.com\/#\/schema\/logo\/image\/"}}]}},"_links":{"self":[{"href":"https:\/\/www.alegreadvocats.com\/es\/wp-json\/wp\/v2\/pages\/289","targetHints":{"allow":["GET"]}}],"collection":[{"href":"https:\/\/www.alegreadvocats.com\/es\/wp-json\/wp\/v2\/pages"}],"about":[{"href":"https:\/\/www.alegreadvocats.com\/es\/wp-json\/wp\/v2\/types\/page"}],"author":[{"embeddable":true,"href":"https:\/\/www.alegreadvocats.com\/es\/wp-json\/wp\/v2\/users\/1"}],"replies":[{"embeddable":true,"href":"https:\/\/www.alegreadvocats.com\/es\/wp-json\/wp\/v2\/comments?post=289"}],"version-history":[{"count":7,"href":"https:\/\/www.alegreadvocats.com\/es\/wp-json\/wp\/v2\/pages\/289\/revisions"}],"predecessor-version":[{"id":640,"href":"https:\/\/www.alegreadvocats.com\/es\/wp-json\/wp\/v2\/pages\/289\/revisions\/640"}],"wp:attachment":[{"href":"https:\/\/www.alegreadvocats.com\/es\/wp-json\/wp\/v2\/media?parent=289"}],"curies":[{"name":"wp","href":"https:\/\/api.w.org\/{rel}","templated":true}]}}