{"id":286,"date":"2019-01-07T12:53:22","date_gmt":"2019-01-07T12:53:22","guid":{"rendered":"http:\/\/www.alegreadvocats.com\/politica-privacidad\/"},"modified":"2023-05-24T19:30:39","modified_gmt":"2023-05-24T19:30:39","slug":"politica-privacidad","status":"publish","type":"page","link":"https:\/\/www.alegreadvocats.com\/es\/politica-privacidad\/","title":{"rendered":"Pol\u00edtica de privacidad"},"content":{"rendered":"\r\n<h2 class=\"wp-block-heading\">Politica de privacitat<\/h2>\r\n\r\n\r\n\r\n<p>La\u00a0pol\u00edtica de protecci\u00f3 de dades, informaci\u00f3 b\u00e0sica: N\u2019\u00e9s responsable ALEGRE ADVOCATS, i la seva finalitat \u00e9s atendre les diferents sol\u00b7licituds per part de l\u2019usuari o titular de les dades. Els destinataris s\u00f3n altres les Administracions y organismes p\u00fablics pel compliment de les obligacions directament exigibles a ALEGRE ADVOCATS. ALEGRE ADVOCATS est\u00e0 legitimat pel consentiment de l\u2019interessat.<\/p>\r\n\r\n<p>La present Pol\u00edtica de Protecci\u00f3 de dades regula el tractament de dades personals facilitats per l\u2019usuari a trav\u00e9s de la web i tamb\u00e9 per altres vies a ALEGRE ADVOCATS. L\u2019usuari garantitza que les dades aportades s\u00f3n vertaderes sent responsable de qualsevol dany o perjudici, pel incompliment d\u2019aquesta obligaci\u00f3. En el cas de que les dades siguin d\u2019un tercer, l\u2019usuari manifesta haver informat al dit tercer dels aspectes continguts en aquest document i haver obtingut la seva autoritzaci\u00f3 per facilitar les dades a ALEGRE ADVOCATS.<\/p>\r\n\r\n<p>ALEGRE ADVOCATS fa un tractament de la informaci\u00f3 facilitada per l\u2019usuari amb la finalitat d\u2019atendre les sol\u00b7licituds de diferent tipus portades a terme: gestions, consultes, propostes, temes legals propis de l\u2019activitat de ALEGRE ADVOCATS, comunicacions,<\/p>\r\n\r\n<p>L\u2019usuari que hagi facilitat les seves dades a ALEGRE ADVOCATS, t\u00e9 dret a obtenir confirmaci\u00f3 de si ALEGRE ADVOCATS les est\u00e0 tractant, t\u00e9 dret a accedir a les seves dades personal, a sol\u00b7licitar la rectificaci\u00f3 de les dades que no siguin exactes, i si entre d\u2019altres motius, les dades ja no s\u00f3n necess\u00e0ries, sol\u00b7licitar que ALEGRE ADVOCATS les suprimeixi.<\/p>\r\n","protected":false},"excerpt":{"rendered":"<p>Politica de privacitat La\u00a0pol\u00edtica de protecci\u00f3 de dades, informaci\u00f3 b\u00e0sica: [&hellip;]<\/p>\n","protected":false},"author":1,"featured_media":0,"parent":0,"menu_order":0,"comment_status":"closed","ping_status":"closed","template":"","meta":{"footnotes":""},"class_list":["post-286","page","type-page","status-publish","hentry"],"yoast_head":"<!-- This site is optimized with the Yoast SEO plugin v24.0 - https:\/\/yoast.com\/wordpress\/plugins\/seo\/ -->\n<title>Pol\u00edtica de privacidad - Alegre Advocats<\/title>\n<meta name=\"robots\" content=\"noindex, nofollow\" \/>\n<meta property=\"og:locale\" content=\"es_ES\" \/>\n<meta property=\"og:type\" content=\"article\" \/>\n<meta property=\"og:title\" content=\"Pol\u00edtica de privacidad - Alegre Advocats\" \/>\n<meta property=\"og:description\" content=\"Politica de privacitat La\u00a0pol\u00edtica de protecci\u00f3 de dades, informaci\u00f3 b\u00e0sica: [&hellip;]\" \/>\n<meta property=\"og:url\" content=\"https:\/\/www.alegreadvocats.com\/es\/politica-privacidad\/\" \/>\n<meta property=\"og:site_name\" content=\"Alegre Advocats\" \/>\n<meta property=\"article:modified_time\" content=\"2023-05-24T19:30:39+00:00\" \/>\n<meta name=\"twitter:card\" content=\"summary_large_image\" \/>\n<meta name=\"twitter:label1\" content=\"Tiempo de lectura\" \/>\n\t<meta name=\"twitter:data1\" content=\"1 minuto\" \/>\n<script type=\"application\/ld+json\" class=\"yoast-schema-graph\">{\"@context\":\"https:\/\/schema.org\",\"@graph\":[{\"@type\":\"WebPage\",\"@id\":\"https:\/\/www.alegreadvocats.com\/es\/politica-privacidad\/\",\"url\":\"https:\/\/www.alegreadvocats.com\/es\/politica-privacidad\/\",\"name\":\"Pol\u00edtica de privacidad - Alegre Advocats\",\"isPartOf\":{\"@id\":\"https:\/\/www.alegreadvocats.com\/#website\"},\"datePublished\":\"2019-01-07T12:53:22+00:00\",\"dateModified\":\"2023-05-24T19:30:39+00:00\",\"breadcrumb\":{\"@id\":\"https:\/\/www.alegreadvocats.com\/es\/politica-privacidad\/#breadcrumb\"},\"inLanguage\":\"es\",\"potentialAction\":[{\"@type\":\"ReadAction\",\"target\":[\"https:\/\/www.alegreadvocats.com\/es\/politica-privacidad\/\"]}]},{\"@type\":\"BreadcrumbList\",\"@id\":\"https:\/\/www.alegreadvocats.com\/es\/politica-privacidad\/#breadcrumb\",\"itemListElement\":[{\"@type\":\"ListItem\",\"position\":1,\"name\":\"Portada\",\"item\":\"https:\/\/www.alegreadvocats.com\/es\/\"},{\"@type\":\"ListItem\",\"position\":2,\"name\":\"Pol\u00edtica de privacidad\"}]},{\"@type\":\"WebSite\",\"@id\":\"https:\/\/www.alegreadvocats.com\/#website\",\"url\":\"https:\/\/www.alegreadvocats.com\/\",\"name\":\"Alegre Advocats\",\"description\":\"Despatx d&#039;advocats a Barcelona\",\"publisher\":{\"@id\":\"https:\/\/www.alegreadvocats.com\/#organization\"},\"potentialAction\":[{\"@type\":\"SearchAction\",\"target\":{\"@type\":\"EntryPoint\",\"urlTemplate\":\"https:\/\/www.alegreadvocats.com\/?s={search_term_string}\"},\"query-input\":{\"@type\":\"PropertyValueSpecification\",\"valueRequired\":true,\"valueName\":\"search_term_string\"}}],\"inLanguage\":\"es\"},{\"@type\":\"Organization\",\"@id\":\"https:\/\/www.alegreadvocats.com\/#organization\",\"name\":\"ALEGRE ADVOCATS\",\"url\":\"https:\/\/www.alegreadvocats.com\/\",\"logo\":{\"@type\":\"ImageObject\",\"inLanguage\":\"es\",\"@id\":\"https:\/\/www.alegreadvocats.com\/#\/schema\/logo\/image\/\",\"url\":\"https:\/\/www.alegreadvocats.com\/wp-content\/uploads\/2019\/02\/LogoAlegreAdvocats400.png\",\"contentUrl\":\"https:\/\/www.alegreadvocats.com\/wp-content\/uploads\/2019\/02\/LogoAlegreAdvocats400.png\",\"width\":400,\"height\":80,\"caption\":\"ALEGRE ADVOCATS\"},\"image\":{\"@id\":\"https:\/\/www.alegreadvocats.com\/#\/schema\/logo\/image\/\"}}]}<\/script>\n<!-- \/ Yoast SEO plugin. -->","yoast_head_json":{"title":"Pol\u00edtica de privacidad - Alegre Advocats","robots":{"index":"noindex","follow":"nofollow"},"og_locale":"es_ES","og_type":"article","og_title":"Pol\u00edtica de privacidad - Alegre Advocats","og_description":"Politica de privacitat La\u00a0pol\u00edtica de protecci\u00f3 de dades, informaci\u00f3 b\u00e0sica: [&hellip;]","og_url":"https:\/\/www.alegreadvocats.com\/es\/politica-privacidad\/","og_site_name":"Alegre Advocats","article_modified_time":"2023-05-24T19:30:39+00:00","twitter_card":"summary_large_image","twitter_misc":{"Tiempo de lectura":"1 minuto"},"schema":{"@context":"https:\/\/schema.org","@graph":[{"@type":"WebPage","@id":"https:\/\/www.alegreadvocats.com\/es\/politica-privacidad\/","url":"https:\/\/www.alegreadvocats.com\/es\/politica-privacidad\/","name":"Pol\u00edtica de privacidad - Alegre Advocats","isPartOf":{"@id":"https:\/\/www.alegreadvocats.com\/#website"},"datePublished":"2019-01-07T12:53:22+00:00","dateModified":"2023-05-24T19:30:39+00:00","breadcrumb":{"@id":"https:\/\/www.alegreadvocats.com\/es\/politica-privacidad\/#breadcrumb"},"inLanguage":"es","potentialAction":[{"@type":"ReadAction","target":["https:\/\/www.alegreadvocats.com\/es\/politica-privacidad\/"]}]},{"@type":"BreadcrumbList","@id":"https:\/\/www.alegreadvocats.com\/es\/politica-privacidad\/#breadcrumb","itemListElement":[{"@type":"ListItem","position":1,"name":"Portada","item":"https:\/\/www.alegreadvocats.com\/es\/"},{"@type":"ListItem","position":2,"name":"Pol\u00edtica de privacidad"}]},{"@type":"WebSite","@id":"https:\/\/www.alegreadvocats.com\/#website","url":"https:\/\/www.alegreadvocats.com\/","name":"Alegre Advocats","description":"Despatx d&#039;advocats a Barcelona","publisher":{"@id":"https:\/\/www.alegreadvocats.com\/#organization"},"potentialAction":[{"@type":"SearchAction","target":{"@type":"EntryPoint","urlTemplate":"https:\/\/www.alegreadvocats.com\/?s={search_term_string}"},"query-input":{"@type":"PropertyValueSpecification","valueRequired":true,"valueName":"search_term_string"}}],"inLanguage":"es"},{"@type":"Organization","@id":"https:\/\/www.alegreadvocats.com\/#organization","name":"ALEGRE ADVOCATS","url":"https:\/\/www.alegreadvocats.com\/","logo":{"@type":"ImageObject","inLanguage":"es","@id":"https:\/\/www.alegreadvocats.com\/#\/schema\/logo\/image\/","url":"https:\/\/www.alegreadvocats.com\/wp-content\/uploads\/2019\/02\/LogoAlegreAdvocats400.png","contentUrl":"https:\/\/www.alegreadvocats.com\/wp-content\/uploads\/2019\/02\/LogoAlegreAdvocats400.png","width":400,"height":80,"caption":"ALEGRE ADVOCATS"},"image":{"@id":"https:\/\/www.alegreadvocats.com\/#\/schema\/logo\/image\/"}}]}},"_links":{"self":[{"href":"https:\/\/www.alegreadvocats.com\/es\/wp-json\/wp\/v2\/pages\/286","targetHints":{"allow":["GET"]}}],"collection":[{"href":"https:\/\/www.alegreadvocats.com\/es\/wp-json\/wp\/v2\/pages"}],"about":[{"href":"https:\/\/www.alegreadvocats.com\/es\/wp-json\/wp\/v2\/types\/page"}],"author":[{"embeddable":true,"href":"https:\/\/www.alegreadvocats.com\/es\/wp-json\/wp\/v2\/users\/1"}],"replies":[{"embeddable":true,"href":"https:\/\/www.alegreadvocats.com\/es\/wp-json\/wp\/v2\/comments?post=286"}],"version-history":[{"count":1,"href":"https:\/\/www.alegreadvocats.com\/es\/wp-json\/wp\/v2\/pages\/286\/revisions"}],"predecessor-version":[{"id":566,"href":"https:\/\/www.alegreadvocats.com\/es\/wp-json\/wp\/v2\/pages\/286\/revisions\/566"}],"wp:attachment":[{"href":"https:\/\/www.alegreadvocats.com\/es\/wp-json\/wp\/v2\/media?parent=286"}],"curies":[{"name":"wp","href":"https:\/\/api.w.org\/{rel}","templated":true}]}}