{"id":285,"date":"2019-03-29T16:29:45","date_gmt":"2019-03-29T16:29:45","guid":{"rendered":"http:\/\/www.alegreadvocats.com\/politica-de-cookies\/"},"modified":"2023-05-24T19:30:39","modified_gmt":"2023-05-24T19:30:39","slug":"politica-de-cookies","status":"publish","type":"page","link":"https:\/\/www.alegreadvocats.com\/es\/politica-de-cookies\/","title":{"rendered":"Politica de cookies"},"content":{"rendered":"\r\n<h2 class=\"wp-block-heading\">Politica de cookies<\/h2>\r\n\r\n\r\n\r\n<p>La present Pol\u00edtica de Cookies, regula l\u2019\u00fas de dispositius d\u2019emmagatzematge i de recuperaci\u00f3 de dades a trav\u00e9s del portal d\u2019internet. Aquestes cookies s\u00f3n necess\u00e0ries per a que el lloc web funcioni i no es poden desactivar en els nostres sistemes, s\u00f3n les cookies estrictament necess\u00e0ries i aquestes no emmagatzemen.<\/p>\r\n<table>\r\n<tbody>\r\n<tr>\r\n<td width=\"430\">\r\n<p style=\"text-align: center;\"><strong>Cookie<\/strong><\/p>\r\n<\/td>\r\n<td width=\"248\">\r\n<p style=\"text-align: center;\"><strong>Origen<\/strong><\/p>\r\n<\/td>\r\n<td width=\"255\">\r\n<p style=\"text-align: center;\"><strong>Finalidad y m\u00e1s informaci\u00f3n<\/strong><\/p>\r\n<\/td>\r\n<\/tr>\r\n<tr>\r\n<td width=\"430\">\r\n<p style=\"text-align: center;\">Borlabs Cookie<\/p>\r\n<\/td>\r\n<td width=\"248\">\r\n<p style=\"text-align: center;\">Cookies Propias<\/p>\r\n<\/td>\r\n<td width=\"255\">\r\n<p>Guarda las preferencias de los visitantes seleccionadas en la Cookie Box de Borlabs Cookie.Duraci\u00f3n: Sesi\u00f3n<\/p>\r\n<\/td>\r\n<\/tr>\r\n<tr>\r\n<td width=\"430\">\r\n<p style=\"text-align: center;\">wordpress_test_cookie<\/p>\r\n<\/td>\r\n<td width=\"248\">\r\n<p style=\"text-align: center;\">Cookies Propias<\/p>\r\n<\/td>\r\n<td width=\"255\">\r\n<p>Esta cookie se usa para que el gestor de contenidos WordPress compruebe si el navegador tiene las cookies activadas. Duraci\u00f3n: Sesi\u00f3n<\/p>\r\n<\/td>\r\n<\/tr>\r\n<tr>\r\n<td width=\"430\">\r\n<p style=\"text-align: center;\">_icl_current_admin_language_d41d8cd98f00b204e9800998ecf8427e<\/p>\r\n<\/td>\r\n<td width=\"248\">\r\n<p style=\"text-align: center;\">Cookies Propias<\/p>\r\n<\/td>\r\n<td width=\"255\">\r\n<p>Nos permite identificar el idioma del usuario a fin de mostrarle la p\u00e1gina web en el idioma correcto. Expira en 24 horas.<\/p>\r\n<\/td>\r\n<\/tr>\r\n<tr>\r\n<td width=\"430\">\r\n<p style=\"text-align: center;\">_ga<\/p>\r\n<\/td>\r\n<td width=\"248\">\r\n<p style=\"text-align: center;\">Google Analytics<\/p>\r\n<\/td>\r\n<td width=\"255\">\r\n<p>Para explicar y realizar un seguimiento de las p\u00e1ginas vistas. Duraci\u00f3n: 2 a\u00f1os<\/p>\r\n<\/td>\r\n<\/tr>\r\n<tr>\r\n<td width=\"430\">\r\n<p style=\"text-align: center;\">__Secure-3PAPISID, __Secure-3PSID, __Secure-3PSIDCC<\/p>\r\n<\/td>\r\n<td width=\"248\">\r\n<p style=\"text-align: center;\">Google<\/p>\r\n<\/td>\r\n<td width=\"255\">\r\n<p>Publicitaria. Estas galletas se utilizan para entregar ANUNCIOS m\u00e1s relevantes para ti y a tus intereses. Duraci\u00f3n: 2 a\u00f1os<\/p>\r\n<\/td>\r\n<\/tr>\r\n<tr>\r\n<td width=\"430\">\r\n<p style=\"text-align: center;\">_1P_JAR, APISID, CONSENT, HSID, NID, OGP, OGPC, SAPISID, SID, SIDCC, SSID<\/p>\r\n<\/td>\r\n<td width=\"248\">\r\n<p style=\"text-align: center;\">Google Ads Optimization<\/p>\r\n<\/td>\r\n<td width=\"255\">\r\n<p>&nbsp;<\/p>\r\n<p>Estas cookies se utilizan para recoger informaci\u00f3n sobre el uso de nuestro sitio web por parte de los visitantes. Utilizamos la informaci\u00f3n para elaborar informes y para mejorar el sitio. Estas cookies se asocian \u00fanicamente a un usuario an\u00f3nimo y su ordenador \/ dispositivo sin proporcionar referencias que permitan conocer datos personales. Recogen el n\u00famero de visitantes a el lugar, el tiempo que duran las visitas, el navegador, el tipo de terminal, el lugar de procedencia de los visitantes y las p\u00e1ginas visitadas. Duraci\u00f3n: 2 a\u00f1os<\/p>\r\n<\/td>\r\n<\/tr>\r\n<tr>\r\n<td width=\"430\">\r\n<p style=\"text-align: center;\">OTZ<\/p>\r\n<\/td>\r\n<td width=\"248\">\r\n<p style=\"text-align: center;\">Google<\/p>\r\n<\/td>\r\n<td width=\"255\">\r\n<p>Publicitaria. Permiten optimizar y personalizar los anuncios mostrados al navegar. Sirve para analizar pautas de tr\u00e1fico en la web, duraci\u00f3n de la sesi\u00f3n de navegador. Est\u00e1 relacionada con el sistema de publicidad personalizada de Google Adwords. Duraci\u00f3n: 1 mes<\/p>\r\n<\/td>\r\n<\/tr>\r\n<tr>\r\n<td width=\"430\">\r\n<p style=\"text-align: center;\">SEARCH_SAMESITE<\/p>\r\n<\/td>\r\n<td width=\"248\">\r\n<p style=\"text-align: center;\">Google Ads Optimization<\/p>\r\n<\/td>\r\n<td width=\"255\">\r\n<p>El objetivo es mitigar el riesgo de fuga de informaci\u00f3n de origen cruzado. Tambi\u00e9n proporciona cierta protecci\u00f3n contra los ataques de falsificaci\u00f3n de solicitudes entre sitios. Duraci\u00f3n: 1 mes<\/p>\r\n<\/td>\r\n<\/tr>\r\n<tr>\r\n<td width=\"430\">\r\n<p style=\"text-align: center;\">DV<\/p>\r\n<\/td>\r\n<td width=\"248\">\r\n<p style=\"text-align: center;\">Google Ads Optimization<\/p>\r\n<\/td>\r\n<td width=\"255\">\r\n<p>Es utilizada por Google para proveer servicios y extraer informaci\u00f3n an\u00f3nima sobre la navegaci\u00f3n. Duraci\u00f3n: 6 horas<\/p>\r\n<\/td>\r\n<\/tr>\r\n<\/tbody>\r\n<\/table>","protected":false},"excerpt":{"rendered":"<p>Politica de cookies La present Pol\u00edtica de Cookies, regula l\u2019\u00fas [&hellip;]<\/p>\n","protected":false},"author":1,"featured_media":0,"parent":0,"menu_order":0,"comment_status":"closed","ping_status":"closed","template":"","meta":{"footnotes":""},"class_list":["post-285","page","type-page","status-publish","hentry"],"yoast_head":"<!-- This site is optimized with the Yoast SEO plugin v24.0 - https:\/\/yoast.com\/wordpress\/plugins\/seo\/ -->\n<title>Politica de cookies - Alegre Advocats<\/title>\n<meta name=\"robots\" content=\"noindex, nofollow\" \/>\n<meta property=\"og:locale\" content=\"es_ES\" \/>\n<meta property=\"og:type\" content=\"article\" \/>\n<meta property=\"og:title\" content=\"Politica de cookies - Alegre Advocats\" \/>\n<meta property=\"og:description\" content=\"Politica de cookies La present Pol\u00edtica de Cookies, regula l\u2019\u00fas [&hellip;]\" \/>\n<meta property=\"og:url\" content=\"https:\/\/www.alegreadvocats.com\/es\/politica-de-cookies\/\" \/>\n<meta property=\"og:site_name\" content=\"Alegre Advocats\" \/>\n<meta property=\"article:modified_time\" content=\"2023-05-24T19:30:39+00:00\" \/>\n<meta name=\"twitter:card\" content=\"summary_large_image\" \/>\n<meta name=\"twitter:label1\" content=\"Tiempo de lectura\" \/>\n\t<meta name=\"twitter:data1\" content=\"2 minutos\" \/>\n<script type=\"application\/ld+json\" class=\"yoast-schema-graph\">{\"@context\":\"https:\/\/schema.org\",\"@graph\":[{\"@type\":\"WebPage\",\"@id\":\"https:\/\/www.alegreadvocats.com\/es\/politica-de-cookies\/\",\"url\":\"https:\/\/www.alegreadvocats.com\/es\/politica-de-cookies\/\",\"name\":\"Politica de cookies - Alegre Advocats\",\"isPartOf\":{\"@id\":\"https:\/\/www.alegreadvocats.com\/#website\"},\"datePublished\":\"2019-03-29T16:29:45+00:00\",\"dateModified\":\"2023-05-24T19:30:39+00:00\",\"breadcrumb\":{\"@id\":\"https:\/\/www.alegreadvocats.com\/es\/politica-de-cookies\/#breadcrumb\"},\"inLanguage\":\"es\",\"potentialAction\":[{\"@type\":\"ReadAction\",\"target\":[\"https:\/\/www.alegreadvocats.com\/es\/politica-de-cookies\/\"]}]},{\"@type\":\"BreadcrumbList\",\"@id\":\"https:\/\/www.alegreadvocats.com\/es\/politica-de-cookies\/#breadcrumb\",\"itemListElement\":[{\"@type\":\"ListItem\",\"position\":1,\"name\":\"Portada\",\"item\":\"https:\/\/www.alegreadvocats.com\/es\/\"},{\"@type\":\"ListItem\",\"position\":2,\"name\":\"Politica de cookies\"}]},{\"@type\":\"WebSite\",\"@id\":\"https:\/\/www.alegreadvocats.com\/#website\",\"url\":\"https:\/\/www.alegreadvocats.com\/\",\"name\":\"Alegre Advocats\",\"description\":\"Despatx d&#039;advocats a Barcelona\",\"publisher\":{\"@id\":\"https:\/\/www.alegreadvocats.com\/#organization\"},\"potentialAction\":[{\"@type\":\"SearchAction\",\"target\":{\"@type\":\"EntryPoint\",\"urlTemplate\":\"https:\/\/www.alegreadvocats.com\/?s={search_term_string}\"},\"query-input\":{\"@type\":\"PropertyValueSpecification\",\"valueRequired\":true,\"valueName\":\"search_term_string\"}}],\"inLanguage\":\"es\"},{\"@type\":\"Organization\",\"@id\":\"https:\/\/www.alegreadvocats.com\/#organization\",\"name\":\"ALEGRE ADVOCATS\",\"url\":\"https:\/\/www.alegreadvocats.com\/\",\"logo\":{\"@type\":\"ImageObject\",\"inLanguage\":\"es\",\"@id\":\"https:\/\/www.alegreadvocats.com\/#\/schema\/logo\/image\/\",\"url\":\"https:\/\/www.alegreadvocats.com\/wp-content\/uploads\/2019\/02\/LogoAlegreAdvocats400.png\",\"contentUrl\":\"https:\/\/www.alegreadvocats.com\/wp-content\/uploads\/2019\/02\/LogoAlegreAdvocats400.png\",\"width\":400,\"height\":80,\"caption\":\"ALEGRE ADVOCATS\"},\"image\":{\"@id\":\"https:\/\/www.alegreadvocats.com\/#\/schema\/logo\/image\/\"}}]}<\/script>\n<!-- \/ Yoast SEO plugin. -->","yoast_head_json":{"title":"Politica de cookies - Alegre Advocats","robots":{"index":"noindex","follow":"nofollow"},"og_locale":"es_ES","og_type":"article","og_title":"Politica de cookies - Alegre Advocats","og_description":"Politica de cookies La present Pol\u00edtica de Cookies, regula l\u2019\u00fas [&hellip;]","og_url":"https:\/\/www.alegreadvocats.com\/es\/politica-de-cookies\/","og_site_name":"Alegre Advocats","article_modified_time":"2023-05-24T19:30:39+00:00","twitter_card":"summary_large_image","twitter_misc":{"Tiempo de lectura":"2 minutos"},"schema":{"@context":"https:\/\/schema.org","@graph":[{"@type":"WebPage","@id":"https:\/\/www.alegreadvocats.com\/es\/politica-de-cookies\/","url":"https:\/\/www.alegreadvocats.com\/es\/politica-de-cookies\/","name":"Politica de cookies - Alegre Advocats","isPartOf":{"@id":"https:\/\/www.alegreadvocats.com\/#website"},"datePublished":"2019-03-29T16:29:45+00:00","dateModified":"2023-05-24T19:30:39+00:00","breadcrumb":{"@id":"https:\/\/www.alegreadvocats.com\/es\/politica-de-cookies\/#breadcrumb"},"inLanguage":"es","potentialAction":[{"@type":"ReadAction","target":["https:\/\/www.alegreadvocats.com\/es\/politica-de-cookies\/"]}]},{"@type":"BreadcrumbList","@id":"https:\/\/www.alegreadvocats.com\/es\/politica-de-cookies\/#breadcrumb","itemListElement":[{"@type":"ListItem","position":1,"name":"Portada","item":"https:\/\/www.alegreadvocats.com\/es\/"},{"@type":"ListItem","position":2,"name":"Politica de cookies"}]},{"@type":"WebSite","@id":"https:\/\/www.alegreadvocats.com\/#website","url":"https:\/\/www.alegreadvocats.com\/","name":"Alegre Advocats","description":"Despatx d&#039;advocats a Barcelona","publisher":{"@id":"https:\/\/www.alegreadvocats.com\/#organization"},"potentialAction":[{"@type":"SearchAction","target":{"@type":"EntryPoint","urlTemplate":"https:\/\/www.alegreadvocats.com\/?s={search_term_string}"},"query-input":{"@type":"PropertyValueSpecification","valueRequired":true,"valueName":"search_term_string"}}],"inLanguage":"es"},{"@type":"Organization","@id":"https:\/\/www.alegreadvocats.com\/#organization","name":"ALEGRE ADVOCATS","url":"https:\/\/www.alegreadvocats.com\/","logo":{"@type":"ImageObject","inLanguage":"es","@id":"https:\/\/www.alegreadvocats.com\/#\/schema\/logo\/image\/","url":"https:\/\/www.alegreadvocats.com\/wp-content\/uploads\/2019\/02\/LogoAlegreAdvocats400.png","contentUrl":"https:\/\/www.alegreadvocats.com\/wp-content\/uploads\/2019\/02\/LogoAlegreAdvocats400.png","width":400,"height":80,"caption":"ALEGRE ADVOCATS"},"image":{"@id":"https:\/\/www.alegreadvocats.com\/#\/schema\/logo\/image\/"}}]}},"_links":{"self":[{"href":"https:\/\/www.alegreadvocats.com\/es\/wp-json\/wp\/v2\/pages\/285","targetHints":{"allow":["GET"]}}],"collection":[{"href":"https:\/\/www.alegreadvocats.com\/es\/wp-json\/wp\/v2\/pages"}],"about":[{"href":"https:\/\/www.alegreadvocats.com\/es\/wp-json\/wp\/v2\/types\/page"}],"author":[{"embeddable":true,"href":"https:\/\/www.alegreadvocats.com\/es\/wp-json\/wp\/v2\/users\/1"}],"replies":[{"embeddable":true,"href":"https:\/\/www.alegreadvocats.com\/es\/wp-json\/wp\/v2\/comments?post=285"}],"version-history":[{"count":3,"href":"https:\/\/www.alegreadvocats.com\/es\/wp-json\/wp\/v2\/pages\/285\/revisions"}],"predecessor-version":[{"id":493,"href":"https:\/\/www.alegreadvocats.com\/es\/wp-json\/wp\/v2\/pages\/285\/revisions\/493"}],"wp:attachment":[{"href":"https:\/\/www.alegreadvocats.com\/es\/wp-json\/wp\/v2\/media?parent=285"}],"curies":[{"name":"wp","href":"https:\/\/api.w.org\/{rel}","templated":true}]}}