{"id":282,"date":"2019-04-02T14:34:15","date_gmt":"2019-04-02T14:34:15","guid":{"rendered":"http:\/\/www.alegreadvocats.com\/filosofia\/"},"modified":"2023-05-24T19:30:37","modified_gmt":"2023-05-24T19:30:37","slug":"filosofia","status":"publish","type":"page","link":"https:\/\/www.alegreadvocats.com\/es\/filosofia\/","title":{"rendered":"El despacho y nuestra filosof\u00eda"},"content":{"rendered":"<p><div class=\"fusion-fullwidth fullwidth-box fusion-builder-row-1 nonhundred-percent-fullwidth non-hundred-percent-height-scrolling\" style=\"--awb-border-radius-top-left:0px;--awb-border-radius-top-right:0px;--awb-border-radius-bottom-right:0px;--awb-border-radius-bottom-left:0px;--awb-flex-wrap:wrap;\" ><div class=\"fusion-builder-row fusion-row\"><div class=\"fusion-layout-column fusion_builder_column fusion-builder-column-0 fusion_builder_column_1_1 1_1 fusion-one-full fusion-column-first fusion-column-last\" style=\"--awb-bg-size:cover;\"><div class=\"fusion-column-wrapper fusion-flex-column-wrapper-legacy\"><div class=\"fusion-text fusion-text-1\"><h1 class=\"titlepage\">El despacho y nuestra filosof\u00eda<\/h1>\n<\/div><div class=\"fusion-clearfix\"><\/div><\/div><\/div><\/div><\/div><div class=\"fusion-fullwidth fullwidth-box fusion-builder-row-2 nonhundred-percent-fullwidth non-hundred-percent-height-scrolling\" style=\"--awb-border-radius-top-left:0px;--awb-border-radius-top-right:0px;--awb-border-radius-bottom-right:0px;--awb-border-radius-bottom-left:0px;--awb-flex-wrap:wrap;\" id=\"filosofia\" ><div class=\"fusion-builder-row fusion-row\"><div class=\"fusion-layout-column fusion_builder_column fusion-builder-column-1 fusion_builder_column_1_1 1_1 fusion-one-full fusion-column-first fusion-column-last\" style=\"--awb-bg-size:cover;\" id=\"text-filosofia\"><div class=\"fusion-column-wrapper fusion-flex-column-wrapper-legacy\"><div class=\"fusion-text fusion-text-2\"><p>ALEGRE ADVOCATS es un despacho de abogados cuyos <strong>or\u00edgenes se remontan al a\u00f1o 1960<\/strong>, cuando su fundador, <strong>Enric Alegre Bargu\u00e9s<\/strong>, inici\u00f3 un proyecto en el que el conocimiento, el trabajo y la pasi\u00f3n por el derecho eran los pilares fundamentales.<\/p>\n<p>Con m\u00e1s de 50 a\u00f1os de trayectoria es inevitable el cambio generacional, y ahora, la hija de Enric, Ariadna Alegre Manau, mantiene intacto este esp\u00edritu a la vegada que ha modernizado y adaptado el despacho a las nuevas necesidades. Se han incorporado nuevos profesionales y nuevas disciplinas. El despacho sigue con la misma energ\u00eda y rigor, ofreciendo una ampl\u00eda experiencia en sus \u00e1reas de especializaci\u00f3n y un servicio global, personalizado, confidencial y eficaz a cada cliente. Situado a Barcelona, con unos profesionales preparados y en constante trabajo en equipo, ALEGRE ADVOCATS ofrece servicios adaptados a los nuevos tiempos, dando respondida r\u00e1pida y haciendo un trabajo <strong>cuidadoso, implicado y riguroso<\/strong>.<\/p>\n<p>Representamos los intereses de empresas que operan en sectores comerciales, tecnol\u00f3gicos, industriales o de servicios as\u00ed como los de personas individuales, entendiendo que no solo tenemos que solucionar los asuntos que se nos conf\u00edan sino tambi\u00e9n prever con garant\u00eda y seguridad jur\u00eddica las actividades futuras en <strong>cualquier sector<\/strong>.<\/p>\n<\/div><div class=\"fusion-clearfix\"><\/div><\/div><\/div><\/div><\/div><\/p>\n","protected":false},"excerpt":{"rendered":"","protected":false},"author":1,"featured_media":0,"parent":0,"menu_order":0,"comment_status":"closed","ping_status":"closed","template":"","meta":{"footnotes":""},"class_list":["post-282","page","type-page","status-publish","hentry"],"yoast_head":"<!-- This site is optimized with the Yoast SEO plugin v24.0 - https:\/\/yoast.com\/wordpress\/plugins\/seo\/ -->\n<title>El despatx i la nostra filosofia - Alegre Advocats<\/title>\n<meta name=\"description\" content=\"ALEGRE ADVOCATS \u00e9s un despatx amb m\u00e9s de 50 anys de traject\u00f2ria, un projecte en el que el coneixement, treball i la passi\u00f3 pel dret son els pilars fonamentals.\" \/>\n<meta name=\"robots\" content=\"index, follow, max-snippet:-1, max-image-preview:large, max-video-preview:-1\" \/>\n<link rel=\"canonical\" href=\"https:\/\/www.alegreadvocats.com\/es\/filosofia\/\" \/>\n<meta property=\"og:locale\" content=\"es_ES\" \/>\n<meta property=\"og:type\" content=\"article\" \/>\n<meta property=\"og:title\" content=\"El despatx i la nostra filosofia - Alegre Advocats\" \/>\n<meta property=\"og:description\" content=\"ALEGRE ADVOCATS \u00e9s un despatx amb m\u00e9s de 50 anys de traject\u00f2ria, un projecte en el que el coneixement, treball i la passi\u00f3 pel dret son els pilars fonamentals.\" \/>\n<meta property=\"og:url\" content=\"https:\/\/www.alegreadvocats.com\/es\/filosofia\/\" \/>\n<meta property=\"og:site_name\" content=\"Alegre Advocats\" \/>\n<meta property=\"article:modified_time\" content=\"2023-05-24T19:30:37+00:00\" \/>\n<meta name=\"twitter:card\" content=\"summary_large_image\" \/>\n<meta name=\"twitter:label1\" content=\"Tiempo de lectura\" \/>\n\t<meta name=\"twitter:data1\" content=\"3 minutos\" \/>\n<script type=\"application\/ld+json\" class=\"yoast-schema-graph\">{\"@context\":\"https:\/\/schema.org\",\"@graph\":[{\"@type\":\"WebPage\",\"@id\":\"https:\/\/www.alegreadvocats.com\/es\/filosofia\/\",\"url\":\"https:\/\/www.alegreadvocats.com\/es\/filosofia\/\",\"name\":\"El despatx i la nostra filosofia - Alegre Advocats\",\"isPartOf\":{\"@id\":\"https:\/\/www.alegreadvocats.com\/#website\"},\"datePublished\":\"2019-04-02T14:34:15+00:00\",\"dateModified\":\"2023-05-24T19:30:37+00:00\",\"description\":\"ALEGRE ADVOCATS \u00e9s un despatx amb m\u00e9s de 50 anys de traject\u00f2ria, un projecte en el que el coneixement, treball i la passi\u00f3 pel dret son els pilars fonamentals.\",\"breadcrumb\":{\"@id\":\"https:\/\/www.alegreadvocats.com\/es\/filosofia\/#breadcrumb\"},\"inLanguage\":\"es\",\"potentialAction\":[{\"@type\":\"ReadAction\",\"target\":[\"https:\/\/www.alegreadvocats.com\/es\/filosofia\/\"]}]},{\"@type\":\"BreadcrumbList\",\"@id\":\"https:\/\/www.alegreadvocats.com\/es\/filosofia\/#breadcrumb\",\"itemListElement\":[{\"@type\":\"ListItem\",\"position\":1,\"name\":\"Portada\",\"item\":\"https:\/\/www.alegreadvocats.com\/es\/\"},{\"@type\":\"ListItem\",\"position\":2,\"name\":\"El despacho y nuestra filosof\u00eda\"}]},{\"@type\":\"WebSite\",\"@id\":\"https:\/\/www.alegreadvocats.com\/#website\",\"url\":\"https:\/\/www.alegreadvocats.com\/\",\"name\":\"Alegre Advocats\",\"description\":\"Despatx d&#039;advocats a Barcelona\",\"publisher\":{\"@id\":\"https:\/\/www.alegreadvocats.com\/#organization\"},\"potentialAction\":[{\"@type\":\"SearchAction\",\"target\":{\"@type\":\"EntryPoint\",\"urlTemplate\":\"https:\/\/www.alegreadvocats.com\/?s={search_term_string}\"},\"query-input\":{\"@type\":\"PropertyValueSpecification\",\"valueRequired\":true,\"valueName\":\"search_term_string\"}}],\"inLanguage\":\"es\"},{\"@type\":\"Organization\",\"@id\":\"https:\/\/www.alegreadvocats.com\/#organization\",\"name\":\"ALEGRE ADVOCATS\",\"url\":\"https:\/\/www.alegreadvocats.com\/\",\"logo\":{\"@type\":\"ImageObject\",\"inLanguage\":\"es\",\"@id\":\"https:\/\/www.alegreadvocats.com\/#\/schema\/logo\/image\/\",\"url\":\"https:\/\/www.alegreadvocats.com\/wp-content\/uploads\/2019\/02\/LogoAlegreAdvocats400.png\",\"contentUrl\":\"https:\/\/www.alegreadvocats.com\/wp-content\/uploads\/2019\/02\/LogoAlegreAdvocats400.png\",\"width\":400,\"height\":80,\"caption\":\"ALEGRE ADVOCATS\"},\"image\":{\"@id\":\"https:\/\/www.alegreadvocats.com\/#\/schema\/logo\/image\/\"}}]}<\/script>\n<!-- \/ Yoast SEO plugin. -->","yoast_head_json":{"title":"El despatx i la nostra filosofia - Alegre Advocats","description":"ALEGRE ADVOCATS \u00e9s un despatx amb m\u00e9s de 50 anys de traject\u00f2ria, un projecte en el que el coneixement, treball i la passi\u00f3 pel dret son els pilars fonamentals.","robots":{"index":"index","follow":"follow","max-snippet":"max-snippet:-1","max-image-preview":"max-image-preview:large","max-video-preview":"max-video-preview:-1"},"canonical":"https:\/\/www.alegreadvocats.com\/es\/filosofia\/","og_locale":"es_ES","og_type":"article","og_title":"El despatx i la nostra filosofia - Alegre Advocats","og_description":"ALEGRE ADVOCATS \u00e9s un despatx amb m\u00e9s de 50 anys de traject\u00f2ria, un projecte en el que el coneixement, treball i la passi\u00f3 pel dret son els pilars fonamentals.","og_url":"https:\/\/www.alegreadvocats.com\/es\/filosofia\/","og_site_name":"Alegre Advocats","article_modified_time":"2023-05-24T19:30:37+00:00","twitter_card":"summary_large_image","twitter_misc":{"Tiempo de lectura":"3 minutos"},"schema":{"@context":"https:\/\/schema.org","@graph":[{"@type":"WebPage","@id":"https:\/\/www.alegreadvocats.com\/es\/filosofia\/","url":"https:\/\/www.alegreadvocats.com\/es\/filosofia\/","name":"El despatx i la nostra filosofia - Alegre Advocats","isPartOf":{"@id":"https:\/\/www.alegreadvocats.com\/#website"},"datePublished":"2019-04-02T14:34:15+00:00","dateModified":"2023-05-24T19:30:37+00:00","description":"ALEGRE ADVOCATS \u00e9s un despatx amb m\u00e9s de 50 anys de traject\u00f2ria, un projecte en el que el coneixement, treball i la passi\u00f3 pel dret son els pilars fonamentals.","breadcrumb":{"@id":"https:\/\/www.alegreadvocats.com\/es\/filosofia\/#breadcrumb"},"inLanguage":"es","potentialAction":[{"@type":"ReadAction","target":["https:\/\/www.alegreadvocats.com\/es\/filosofia\/"]}]},{"@type":"BreadcrumbList","@id":"https:\/\/www.alegreadvocats.com\/es\/filosofia\/#breadcrumb","itemListElement":[{"@type":"ListItem","position":1,"name":"Portada","item":"https:\/\/www.alegreadvocats.com\/es\/"},{"@type":"ListItem","position":2,"name":"El despacho y nuestra filosof\u00eda"}]},{"@type":"WebSite","@id":"https:\/\/www.alegreadvocats.com\/#website","url":"https:\/\/www.alegreadvocats.com\/","name":"Alegre Advocats","description":"Despatx d&#039;advocats a Barcelona","publisher":{"@id":"https:\/\/www.alegreadvocats.com\/#organization"},"potentialAction":[{"@type":"SearchAction","target":{"@type":"EntryPoint","urlTemplate":"https:\/\/www.alegreadvocats.com\/?s={search_term_string}"},"query-input":{"@type":"PropertyValueSpecification","valueRequired":true,"valueName":"search_term_string"}}],"inLanguage":"es"},{"@type":"Organization","@id":"https:\/\/www.alegreadvocats.com\/#organization","name":"ALEGRE ADVOCATS","url":"https:\/\/www.alegreadvocats.com\/","logo":{"@type":"ImageObject","inLanguage":"es","@id":"https:\/\/www.alegreadvocats.com\/#\/schema\/logo\/image\/","url":"https:\/\/www.alegreadvocats.com\/wp-content\/uploads\/2019\/02\/LogoAlegreAdvocats400.png","contentUrl":"https:\/\/www.alegreadvocats.com\/wp-content\/uploads\/2019\/02\/LogoAlegreAdvocats400.png","width":400,"height":80,"caption":"ALEGRE ADVOCATS"},"image":{"@id":"https:\/\/www.alegreadvocats.com\/#\/schema\/logo\/image\/"}}]}},"_links":{"self":[{"href":"https:\/\/www.alegreadvocats.com\/es\/wp-json\/wp\/v2\/pages\/282","targetHints":{"allow":["GET"]}}],"collection":[{"href":"https:\/\/www.alegreadvocats.com\/es\/wp-json\/wp\/v2\/pages"}],"about":[{"href":"https:\/\/www.alegreadvocats.com\/es\/wp-json\/wp\/v2\/types\/page"}],"author":[{"embeddable":true,"href":"https:\/\/www.alegreadvocats.com\/es\/wp-json\/wp\/v2\/users\/1"}],"replies":[{"embeddable":true,"href":"https:\/\/www.alegreadvocats.com\/es\/wp-json\/wp\/v2\/comments?post=282"}],"version-history":[{"count":3,"href":"https:\/\/www.alegreadvocats.com\/es\/wp-json\/wp\/v2\/pages\/282\/revisions"}],"predecessor-version":[{"id":399,"href":"https:\/\/www.alegreadvocats.com\/es\/wp-json\/wp\/v2\/pages\/282\/revisions\/399"}],"wp:attachment":[{"href":"https:\/\/www.alegreadvocats.com\/es\/wp-json\/wp\/v2\/media?parent=282"}],"curies":[{"name":"wp","href":"https:\/\/api.w.org\/{rel}","templated":true}]}}