{"id":279,"date":"2019-03-29T16:28:48","date_gmt":"2019-03-29T16:28:48","guid":{"rendered":"http:\/\/www.alegreadvocats.com\/aviso-legal\/"},"modified":"2023-05-24T19:30:35","modified_gmt":"2023-05-24T19:30:35","slug":"aviso-legal","status":"publish","type":"page","link":"https:\/\/www.alegreadvocats.com\/es\/aviso-legal\/","title":{"rendered":"Aviso legal"},"content":{"rendered":"\r\n<h2 class=\"wp-block-heading\">Av\u00eds legal<\/h2>\r\n\r\n\r\n\r\n<p>Dades registrals i generals d\u2019ALEGRE ADVOCATS, S.L.P.U. (en endavant ALEGRE ADVOCATS), \u00e9s una societat inscrita en el Registre Mercantil de Barcelona, volum 46386, Foli 62, Full 518304, NIF 67173559, amb domicili a Barcelona 08028, Gran Via de Carles III, 94, 10\u00ba3\u00aa, tel\u00e8fon 933308517 i per una comunicaci\u00f3 directe i efectiva indiquem el mail advocats@alegreadvocats.com.<\/p>\r\n\r\n<p>La p\u00e0gina web no constitueix un assessorament ni un mitj\u00e0 que estableixi una relaci\u00f3 professional, ni de cap altre tipus entre client i professional (advocat o assessor laboral). L\u2019usuari \u00e9s conscient i accepta expressament i volunt\u00e0ria, que l\u2019\u00fas de la web es realitza sota la seva \u00fanica i exclusiva responsabilitat, eximint-se ALEGRE ADVOCATS de qualsevol error que pugui cometre el visitant si apliqu\u00e9s la dita informaci\u00f3 continguda en aquesta web. ALEGRE ADVOCATS, podr\u00e0 en qualsevol moment modificar el contingut de la present web sense necessitat de realitzar cap preav\u00eds.<\/p>\r\n\r\n<p>La pr\u00f2pia naturalesa del contingut de la p\u00e0gina web i els serveis que s\u2019hi anuncien estan destinats a persones majors d\u2019edat, queda doncs expressament prohibit l\u2019acc\u00e9s a persones menors de 18 anys.<\/p>\r\n\r\n<p>Mentre no s\u2019estableixi el contrari en les condicions particulars, l\u2019\u00fas d\u2019aquesta web t\u00e9 car\u00e0cter gratu\u00eft, sens perjudici del cost de connexi\u00f3 que tingui pel fet de ser usuari de la corresponent xarxa de telecomunicacions.<\/p>\r\n<p>En l\u2019\u00fas de la p\u00e0gina web, l\u2019usuari es compromet a no portar a terme cap conducta que pogu\u00e9s perjudicar la imatge, els interessos o els drets d\u2019ALEGRE ADVOCATS o de tercers o que pogu\u00e9s sobrecarregar o inutilitzar la p\u00e0gina web.<\/p>\r\n\r\n","protected":false},"excerpt":{"rendered":"<p>Av\u00eds legal Dades registrals i generals d\u2019ALEGRE ADVOCATS, S.L.P.U. (en [&hellip;]<\/p>\n","protected":false},"author":1,"featured_media":0,"parent":0,"menu_order":0,"comment_status":"closed","ping_status":"closed","template":"","meta":{"footnotes":""},"class_list":["post-279","page","type-page","status-publish","hentry"],"yoast_head":"<!-- This site is optimized with the Yoast SEO plugin v24.0 - https:\/\/yoast.com\/wordpress\/plugins\/seo\/ -->\n<title>Aviso legal - Alegre Advocats<\/title>\n<meta name=\"robots\" content=\"noindex, nofollow\" \/>\n<meta property=\"og:locale\" content=\"es_ES\" \/>\n<meta property=\"og:type\" content=\"article\" \/>\n<meta property=\"og:title\" content=\"Aviso legal - Alegre Advocats\" \/>\n<meta property=\"og:description\" content=\"Av\u00eds legal Dades registrals i generals d\u2019ALEGRE ADVOCATS, S.L.P.U. (en [&hellip;]\" \/>\n<meta property=\"og:url\" content=\"https:\/\/www.alegreadvocats.com\/es\/aviso-legal\/\" \/>\n<meta property=\"og:site_name\" content=\"Alegre Advocats\" \/>\n<meta property=\"article:modified_time\" content=\"2023-05-24T19:30:35+00:00\" \/>\n<meta name=\"twitter:card\" content=\"summary_large_image\" \/>\n<meta name=\"twitter:label1\" content=\"Tiempo de lectura\" \/>\n\t<meta name=\"twitter:data1\" content=\"1 minuto\" \/>\n<script type=\"application\/ld+json\" class=\"yoast-schema-graph\">{\"@context\":\"https:\/\/schema.org\",\"@graph\":[{\"@type\":\"WebPage\",\"@id\":\"https:\/\/www.alegreadvocats.com\/es\/aviso-legal\/\",\"url\":\"https:\/\/www.alegreadvocats.com\/es\/aviso-legal\/\",\"name\":\"Aviso legal - Alegre Advocats\",\"isPartOf\":{\"@id\":\"https:\/\/www.alegreadvocats.com\/#website\"},\"datePublished\":\"2019-03-29T16:28:48+00:00\",\"dateModified\":\"2023-05-24T19:30:35+00:00\",\"breadcrumb\":{\"@id\":\"https:\/\/www.alegreadvocats.com\/es\/aviso-legal\/#breadcrumb\"},\"inLanguage\":\"es\",\"potentialAction\":[{\"@type\":\"ReadAction\",\"target\":[\"https:\/\/www.alegreadvocats.com\/es\/aviso-legal\/\"]}]},{\"@type\":\"BreadcrumbList\",\"@id\":\"https:\/\/www.alegreadvocats.com\/es\/aviso-legal\/#breadcrumb\",\"itemListElement\":[{\"@type\":\"ListItem\",\"position\":1,\"name\":\"Portada\",\"item\":\"https:\/\/www.alegreadvocats.com\/es\/\"},{\"@type\":\"ListItem\",\"position\":2,\"name\":\"Aviso legal\"}]},{\"@type\":\"WebSite\",\"@id\":\"https:\/\/www.alegreadvocats.com\/#website\",\"url\":\"https:\/\/www.alegreadvocats.com\/\",\"name\":\"Alegre Advocats\",\"description\":\"Despatx d&#039;advocats a Barcelona\",\"publisher\":{\"@id\":\"https:\/\/www.alegreadvocats.com\/#organization\"},\"potentialAction\":[{\"@type\":\"SearchAction\",\"target\":{\"@type\":\"EntryPoint\",\"urlTemplate\":\"https:\/\/www.alegreadvocats.com\/?s={search_term_string}\"},\"query-input\":{\"@type\":\"PropertyValueSpecification\",\"valueRequired\":true,\"valueName\":\"search_term_string\"}}],\"inLanguage\":\"es\"},{\"@type\":\"Organization\",\"@id\":\"https:\/\/www.alegreadvocats.com\/#organization\",\"name\":\"ALEGRE ADVOCATS\",\"url\":\"https:\/\/www.alegreadvocats.com\/\",\"logo\":{\"@type\":\"ImageObject\",\"inLanguage\":\"es\",\"@id\":\"https:\/\/www.alegreadvocats.com\/#\/schema\/logo\/image\/\",\"url\":\"https:\/\/www.alegreadvocats.com\/wp-content\/uploads\/2019\/02\/LogoAlegreAdvocats400.png\",\"contentUrl\":\"https:\/\/www.alegreadvocats.com\/wp-content\/uploads\/2019\/02\/LogoAlegreAdvocats400.png\",\"width\":400,\"height\":80,\"caption\":\"ALEGRE ADVOCATS\"},\"image\":{\"@id\":\"https:\/\/www.alegreadvocats.com\/#\/schema\/logo\/image\/\"}}]}<\/script>\n<!-- \/ Yoast SEO plugin. -->","yoast_head_json":{"title":"Aviso legal - Alegre Advocats","robots":{"index":"noindex","follow":"nofollow"},"og_locale":"es_ES","og_type":"article","og_title":"Aviso legal - Alegre Advocats","og_description":"Av\u00eds legal Dades registrals i generals d\u2019ALEGRE ADVOCATS, S.L.P.U. (en [&hellip;]","og_url":"https:\/\/www.alegreadvocats.com\/es\/aviso-legal\/","og_site_name":"Alegre Advocats","article_modified_time":"2023-05-24T19:30:35+00:00","twitter_card":"summary_large_image","twitter_misc":{"Tiempo de lectura":"1 minuto"},"schema":{"@context":"https:\/\/schema.org","@graph":[{"@type":"WebPage","@id":"https:\/\/www.alegreadvocats.com\/es\/aviso-legal\/","url":"https:\/\/www.alegreadvocats.com\/es\/aviso-legal\/","name":"Aviso legal - Alegre Advocats","isPartOf":{"@id":"https:\/\/www.alegreadvocats.com\/#website"},"datePublished":"2019-03-29T16:28:48+00:00","dateModified":"2023-05-24T19:30:35+00:00","breadcrumb":{"@id":"https:\/\/www.alegreadvocats.com\/es\/aviso-legal\/#breadcrumb"},"inLanguage":"es","potentialAction":[{"@type":"ReadAction","target":["https:\/\/www.alegreadvocats.com\/es\/aviso-legal\/"]}]},{"@type":"BreadcrumbList","@id":"https:\/\/www.alegreadvocats.com\/es\/aviso-legal\/#breadcrumb","itemListElement":[{"@type":"ListItem","position":1,"name":"Portada","item":"https:\/\/www.alegreadvocats.com\/es\/"},{"@type":"ListItem","position":2,"name":"Aviso legal"}]},{"@type":"WebSite","@id":"https:\/\/www.alegreadvocats.com\/#website","url":"https:\/\/www.alegreadvocats.com\/","name":"Alegre Advocats","description":"Despatx d&#039;advocats a Barcelona","publisher":{"@id":"https:\/\/www.alegreadvocats.com\/#organization"},"potentialAction":[{"@type":"SearchAction","target":{"@type":"EntryPoint","urlTemplate":"https:\/\/www.alegreadvocats.com\/?s={search_term_string}"},"query-input":{"@type":"PropertyValueSpecification","valueRequired":true,"valueName":"search_term_string"}}],"inLanguage":"es"},{"@type":"Organization","@id":"https:\/\/www.alegreadvocats.com\/#organization","name":"ALEGRE ADVOCATS","url":"https:\/\/www.alegreadvocats.com\/","logo":{"@type":"ImageObject","inLanguage":"es","@id":"https:\/\/www.alegreadvocats.com\/#\/schema\/logo\/image\/","url":"https:\/\/www.alegreadvocats.com\/wp-content\/uploads\/2019\/02\/LogoAlegreAdvocats400.png","contentUrl":"https:\/\/www.alegreadvocats.com\/wp-content\/uploads\/2019\/02\/LogoAlegreAdvocats400.png","width":400,"height":80,"caption":"ALEGRE ADVOCATS"},"image":{"@id":"https:\/\/www.alegreadvocats.com\/#\/schema\/logo\/image\/"}}]}},"_links":{"self":[{"href":"https:\/\/www.alegreadvocats.com\/es\/wp-json\/wp\/v2\/pages\/279","targetHints":{"allow":["GET"]}}],"collection":[{"href":"https:\/\/www.alegreadvocats.com\/es\/wp-json\/wp\/v2\/pages"}],"about":[{"href":"https:\/\/www.alegreadvocats.com\/es\/wp-json\/wp\/v2\/types\/page"}],"author":[{"embeddable":true,"href":"https:\/\/www.alegreadvocats.com\/es\/wp-json\/wp\/v2\/users\/1"}],"replies":[{"embeddable":true,"href":"https:\/\/www.alegreadvocats.com\/es\/wp-json\/wp\/v2\/comments?post=279"}],"version-history":[{"count":2,"href":"https:\/\/www.alegreadvocats.com\/es\/wp-json\/wp\/v2\/pages\/279\/revisions"}],"predecessor-version":[{"id":354,"href":"https:\/\/www.alegreadvocats.com\/es\/wp-json\/wp\/v2\/pages\/279\/revisions\/354"}],"wp:attachment":[{"href":"https:\/\/www.alegreadvocats.com\/es\/wp-json\/wp\/v2\/media?parent=279"}],"curies":[{"name":"wp","href":"https:\/\/api.w.org\/{rel}","templated":true}]}}