{"id":273,"date":"2019-01-07T12:53:22","date_gmt":"2019-01-07T12:53:22","guid":{"rendered":"http:\/\/www.alegreadvocats.com\/dret-mercantil-societari-laboral-social-civul-barcelona\/"},"modified":"2024-12-03T16:13:25","modified_gmt":"2024-12-03T16:13:25","slug":"dret-mercantil-societari-laboral-social-civul-barcelona","status":"publish","type":"page","link":"https:\/\/www.alegreadvocats.com\/es\/","title":{"rendered":"Inicio"},"content":{"rendered":"<p><div class=\"fusion-fullwidth fullwidth-box fusion-builder-row-1 hundred-percent-fullwidth non-hundred-percent-height-scrolling\" style=\"--awb-border-radius-top-left:0px;--awb-border-radius-top-right:0px;--awb-border-radius-bottom-right:0px;--awb-border-radius-bottom-left:0px;--awb-padding-top:0px;--awb-padding-right:0px;--awb-padding-bottom:0px;--awb-padding-left:0px;--awb-margin-top:0px;--awb-margin-bottom:0px;--awb-flex-wrap:wrap;\" ><div class=\"fusion-builder-row fusion-row\"><div class=\"fusion-layout-column fusion_builder_column fusion-builder-column-0 fusion_builder_column_1_1 1_1 fusion-one-full fusion-column-first fusion-column-last\" style=\"--awb-padding-top:0px;--awb-padding-right:0px;--awb-padding-bottom:0px;--awb-padding-left:0px;--awb-bg-size:cover;--awb-margin-bottom:0px;\"><div class=\"fusion-column-wrapper fusion-flex-column-wrapper-legacy\">\n<div class=\"fusion-slider-revolution rev_slider_wrapper\">\t\t\t<!-- START home REVOLUTION SLIDER 6.6.18 --><p class=\"rs-p-wp-fix\"><\/p>\n\t\t\t<rs-module-wrap id=\"rev_slider_1_1_wrapper\" data-source=\"gallery\" style=\"visibility:hidden;background:transparent;padding:0;margin:0px auto;margin-top:0;margin-bottom:0;\">\n\t\t\t\t<rs-module id=\"rev_slider_1_1\" style=\"\" data-version=\"6.6.18\">\n\t\t\t\t\t<rs-slides style=\"overflow: hidden; position: absolute;\">\n\t\t\t\t\t\t<rs-slide style=\"position: absolute;\" data-key=\"rs-7\" data-title=\"Slide\" data-anim=\"adpr:false;\" data-in=\"o:0;\" data-out=\"a:false;\">\n\t\t\t\t\t\t\t<img decoding=\"async\" src=\"\/\/www.alegreadvocats.com\/wp-content\/plugins\/revslider\/public\/assets\/assets\/dummy.png\" alt=\"\" title=\"banner-todos-2024\" width=\"1600\" height=\"500\" class=\"rev-slidebg tp-rs-img rs-lazyload\" data-lazyload=\"\/\/www.alegreadvocats.com\/wp-content\/uploads\/2024\/11\/banner-todos-2024.jpg\" data-no-retina>\n<!---->\t\t\t\t\t\t<\/rs-slide>\n\t\t\t\t\t\t<rs-slide style=\"position: absolute;\" data-key=\"rs-3\" data-title=\"Slide\" data-duration=\"3010\" data-anim=\"adpr:false;\" data-in=\"o:0;\" data-out=\"a:false;\">\n\t\t\t\t\t\t\t<img decoding=\"async\" src=\"\/\/www.alegreadvocats.com\/wp-content\/plugins\/revslider\/public\/assets\/assets\/dummy.png\" alt=\"\" title=\"slide 2024\" width=\"1600\" height=\"500\" class=\"rev-slidebg tp-rs-img rs-lazyload\" data-lazyload=\"\/\/www.alegreadvocats.com\/wp-content\/uploads\/2024\/11\/slide-2024.jpg\" data-no-retina>\n<!--\n\t\t\t\t\t\t\t--><rs-layer\n\t\t\t\t\t\t\t\tid=\"slider-1-slide-3-layer-1\" \n\t\t\t\t\t\t\t\tdata-type=\"text\"\n\t\t\t\t\t\t\t\tdata-color=\"#ffffff\"\n\t\t\t\t\t\t\t\tdata-rsp_ch=\"on\"\n\t\t\t\t\t\t\t\tdata-xy=\"x:223px;y:465px;\"\n\t\t\t\t\t\t\t\tdata-text=\"l:22;a:inherit;\"\n\t\t\t\t\t\t\t\tdata-dim=\"w:661px;\"\n\t\t\t\t\t\t\t\tdata-frame_1=\"sp:70;sR:10;\"\n\t\t\t\t\t\t\t\tdata-frame_999=\"o:0;st:2980;sp:10;sR:2900;\"\n\t\t\t\t\t\t\t\tstyle=\"z-index:5;font-family:'Open Sans';\"\n\t\t\t\t\t\t\t> \n\t\t\t\t\t\t\t<\/rs-layer><!--\n-->\t\t\t\t\t\t<\/rs-slide>\n\t\t\t\t\t\t<rs-slide style=\"position: absolute;\" data-key=\"rs-9\" data-title=\"Slide\" data-duration=\"3010\" data-anim=\"adpr:false;\" data-in=\"o:0;\" data-out=\"a:false;\">\n\t\t\t\t\t\t\t<img decoding=\"async\" src=\"\/\/www.alegreadvocats.com\/wp-content\/plugins\/revslider\/public\/assets\/assets\/dummy.png\" alt=\"\" title=\"slide ultimo\" width=\"1600\" height=\"500\" class=\"rev-slidebg tp-rs-img rs-lazyload\" data-lazyload=\"\/\/www.alegreadvocats.com\/wp-content\/uploads\/2024\/12\/slide-ultimo.jpg\" data-no-retina>\n<!--\n\t\t\t\t\t\t\t--><rs-layer\n\t\t\t\t\t\t\t\tid=\"slider-1-slide-9-layer-1\" \n\t\t\t\t\t\t\t\tdata-type=\"text\"\n\t\t\t\t\t\t\t\tdata-color=\"#ffffff\"\n\t\t\t\t\t\t\t\tdata-rsp_ch=\"on\"\n\t\t\t\t\t\t\t\tdata-xy=\"x:223px;y:465px;\"\n\t\t\t\t\t\t\t\tdata-text=\"l:22;a:inherit;\"\n\t\t\t\t\t\t\t\tdata-dim=\"w:661px;\"\n\t\t\t\t\t\t\t\tdata-frame_1=\"sp:70;sR:10;\"\n\t\t\t\t\t\t\t\tdata-frame_999=\"o:0;st:2980;sp:10;sR:2900;\"\n\t\t\t\t\t\t\t\tstyle=\"z-index:5;font-family:'Open Sans';\"\n\t\t\t\t\t\t\t> \n\t\t\t\t\t\t\t<\/rs-layer><!--\n-->\t\t\t\t\t\t<\/rs-slide>\n\t\t\t\t\t\t<rs-slide style=\"position: absolute;\" data-key=\"rs-5\" data-title=\"Slide\" data-anim=\"adpr:false;\" data-in=\"o:0;\" data-out=\"a:false;\">\n\t\t\t\t\t\t\t<img decoding=\"async\" src=\"\/\/www.alegreadvocats.com\/wp-content\/plugins\/revslider\/public\/assets\/assets\/dummy.png\" alt=\"\" title=\"slide2 2024\" width=\"1600\" height=\"500\" class=\"rev-slidebg tp-rs-img rs-lazyload\" data-lazyload=\"\/\/www.alegreadvocats.com\/wp-content\/uploads\/2024\/11\/slide2-2024.jpg\" data-no-retina>\n<!---->\t\t\t\t\t\t<\/rs-slide>\n\t\t\t\t\t\t<rs-slide style=\"position: absolute;\" data-key=\"rs-8\" data-title=\"Slide\" data-anim=\"adpr:false;\" data-in=\"o:0;\" data-out=\"a:false;\">\n\t\t\t\t\t\t\t<img decoding=\"async\" src=\"\/\/www.alegreadvocats.com\/wp-content\/plugins\/revslider\/public\/assets\/assets\/dummy.png\" alt=\"\" title=\"slide5 2024\" width=\"1600\" height=\"500\" class=\"rev-slidebg tp-rs-img rs-lazyload\" data-lazyload=\"\/\/www.alegreadvocats.com\/wp-content\/uploads\/2024\/11\/slide5-2024.jpg\" data-no-retina>\n<!---->\t\t\t\t\t\t<\/rs-slide>\n\t\t\t\t\t<\/rs-slides>\n\t\t\t\t<\/rs-module>\n\t\t\t\t<script>\n\t\t\t\t\tsetREVStartSize({c: 'rev_slider_1_1',rl:[1240,1024,778,480],el:[650],gw:[1500],gh:[650],type:'standard',justify:'',layout:'fullwidth',mh:\"0\"});if (window.RS_MODULES!==undefined && window.RS_MODULES.modules!==undefined && window.RS_MODULES.modules[\"revslider11\"]!==undefined) {window.RS_MODULES.modules[\"revslider11\"].once = false;window.revapi1 = undefined;if (window.RS_MODULES.checkMinimal!==undefined) window.RS_MODULES.checkMinimal()}\n\t\t\t\t<\/script>\n\t\t\t<\/rs-module-wrap>\n\t\t\t<!-- END REVOLUTION SLIDER -->\n<\/div><div class=\"fusion-clearfix\"><\/div><\/div><\/div><\/div><\/div><div class=\"fusion-fullwidth fullwidth-box fusion-builder-row-2 nonhundred-percent-fullwidth non-hundred-percent-height-scrolling\" style=\"--awb-border-radius-top-left:0px;--awb-border-radius-top-right:0px;--awb-border-radius-bottom-right:0px;--awb-border-radius-bottom-left:0px;--awb-flex-wrap:wrap;\" id=\"block3-home\" ><div class=\"fusion-builder-row fusion-row\"><div class=\"fusion-layout-column fusion_builder_column fusion-builder-column-1 fusion_builder_column_1_3 1_3 fusion-one-third fusion-column-first block-promo-home fusion-column-inner-bg-wrapper fusion-animated\" style=\"--awb-inner-bg-size:cover;--awb-margin-bottom:0px;width:30.6666%; margin-right: 4%;\" data-animationType=\"fadeIn\" data-animationDuration=\"1.0\" data-animationOffset=\"bottom-in-view\"><span class=\"fusion-column-inner-bg hover-type-none\"><a class=\"fusion-column-anchor\" href=\"http:\/\/www.alegreadvocats.com\/servicios\/\" rel=\"noopener noreferrer\" target=\"_blank\"><span class=\"fusion-column-inner-bg-image\"><\/span><\/a><\/span><div class=\"fusion-column-wrapper fusion-flex-column-wrapper-legacy\"><div class=\"fusion-text fusion-text-1\"><div class=\"content-3blockshome\">\n<h2>Derecho Mercantil y Societario<\/h2>\n<p>Asesoramiento integral y continuo en todo lo relativo a la normativa societaria mercantil aplicable en el \u00e1mbito empresarial.<\/p>\n<\/div>\n<\/div><div class=\"fusion-clearfix\"><\/div><\/div><\/div><div class=\"fusion-layout-column fusion_builder_column fusion-builder-column-2 fusion_builder_column_1_3 1_3 fusion-one-third block-promo-home fusion-column-inner-bg-wrapper fusion-animated\" style=\"--awb-inner-bg-size:cover;--awb-margin-bottom:0px;width:30.6666%; margin-right: 4%;\" data-animationType=\"fadeInLeft\" data-animationDuration=\"1.0\" data-animationOffset=\"bottom-in-view\"><span class=\"fusion-column-inner-bg hover-type-none\"><a class=\"fusion-column-anchor\" href=\"\/alegreadvocats\/servicios\/\" rel=\"noopener noreferrer\" target=\"_blank\"><span class=\"fusion-column-inner-bg-image\"><\/span><\/a><\/span><div class=\"fusion-column-wrapper fusion-flex-column-wrapper-legacy\"><div class=\"fusion-text fusion-text-2\"><div class=\"content-3blockshome\">\n<h2>Derecho laboral y de la Seguridad Social<\/h2>\n<p>Especializados en el asesoramiento jur\u00eddico-laboral a las empresas y sus directivos.<\/p>\n<\/div>\n<\/div><div class=\"fusion-clearfix\"><\/div><\/div><\/div><div class=\"fusion-layout-column fusion_builder_column fusion-builder-column-3 fusion_builder_column_1_3 1_3 fusion-one-third fusion-column-last block-promo-home fusion-column-inner-bg-wrapper fusion-animated\" style=\"--awb-inner-bg-size:cover;--awb-margin-bottom:0px;width:30.6666%;\" data-animationType=\"fadeInRight\" data-animationDuration=\"1.0\" data-animationOffset=\"bottom-in-view\"><span class=\"fusion-column-inner-bg hover-type-none\"><a class=\"fusion-column-anchor\" href=\"\/alegreadvocats\/servicios\/\" rel=\"noopener noreferrer\" target=\"_blank\"><span class=\"fusion-column-inner-bg-image\"><\/span><\/a><\/span><div class=\"fusion-column-wrapper fusion-flex-column-wrapper-legacy\"><div class=\"fusion-text fusion-text-3\"><div class=\"content-3blockshome\">\n<h2>Derecho Civil<\/h2>\n<p>Asesoramiento continuado en todos los contratos, sucesiones, compraventas y, en general, todos los \u00e1mbitos del derecho civil.<\/p>\n<\/div>\n<\/div><div class=\"fusion-clearfix\"><\/div><\/div><\/div><\/div><\/div><div class=\"fusion-fullwidth fullwidth-box fusion-builder-row-3 nonhundred-percent-fullwidth non-hundred-percent-height-scrolling\" style=\"--awb-border-radius-top-left:0px;--awb-border-radius-top-right:0px;--awb-border-radius-bottom-right:0px;--awb-border-radius-bottom-left:0px;--awb-background-color:#8aacc2;--awb-flex-wrap:wrap;\" id=\"razones\" ><div class=\"fusion-builder-row fusion-row\"><div class=\"fusion-layout-column fusion_builder_column fusion-builder-column-4 fusion_builder_column_1_1 1_1 fusion-one-full fusion-column-first fusion-column-last\" style=\"--awb-bg-size:cover;\" id=\"title-razones\"><div class=\"fusion-column-wrapper fusion-flex-column-wrapper-legacy\"><div class=\"fusion-text fusion-text-4\"><h2>Razones para confiar en Alegre Abogados<\/h2>\n<\/div><div class=\"fusion-clearfix\"><\/div><\/div><\/div><div class=\"fusion-layout-column fusion_builder_column fusion-builder-column-5 fusion_builder_column_1_5 1_5 fusion-one-fifth fusion-column-first raoindividual\" style=\"--awb-bg-size:cover;width:20%;width:calc(20% - ( ( 4% + 4% + 4% + 4% ) * 0.2 ) );margin-right: 4%;\"><div class=\"fusion-column-wrapper fusion-flex-column-wrapper-legacy\"><div class=\"fusion-text fusion-text-5\"><p class=\"numrao\">Experiencia<\/p>\n<p class=\"motiu\">M\u00e1s de 50 a\u00f1os de trayectoria profesional manteniendo intactas la energ\u00eda, el rigor y la pasi\u00f3n por el derecho.<\/p>\n<\/div><div class=\"fusion-clearfix\"><\/div><\/div><\/div><div class=\"fusion-layout-column fusion_builder_column fusion-builder-column-6 fusion_builder_column_1_5 1_5 fusion-one-fifth raoindividual\" style=\"--awb-bg-size:cover;width:20%;width:calc(20% - ( ( 4% + 4% + 4% + 4% ) * 0.2 ) );margin-right: 4%;\"><div class=\"fusion-column-wrapper fusion-flex-column-wrapper-legacy\"><div class=\"fusion-text fusion-text-6\"><p class=\"numrao\">Garant\u00eda<\/p>\n<p class=\"motiu\">Disponemos de un equipo de profesionales preparados y en continua formaci\u00f3n para ofrecer el mejor servicio.<\/p>\n<\/div><div class=\"fusion-clearfix\"><\/div><\/div><\/div><div class=\"fusion-layout-column fusion_builder_column fusion-builder-column-7 fusion_builder_column_1_5 1_5 fusion-one-fifth raoindividual\" style=\"--awb-bg-size:cover;width:20%;width:calc(20% - ( ( 4% + 4% + 4% + 4% ) * 0.2 ) );margin-right: 4%;\"><div class=\"fusion-column-wrapper fusion-flex-column-wrapper-legacy\"><div class=\"fusion-text fusion-text-7\"><p class=\"numrao\">Especialidad<\/p>\n<p class=\"motiu\">Ofrecemos un servicio global a la vez que personalizado, confidencial, adaptado a cada cliente, necesidad y situaci\u00f3n.<\/p>\n<\/div><div class=\"fusion-clearfix\"><\/div><\/div><\/div><div class=\"fusion-layout-column fusion_builder_column fusion-builder-column-8 fusion_builder_column_1_5 1_5 fusion-one-fifth raoindividual\" style=\"--awb-bg-size:cover;width:20%;width:calc(20% - ( ( 4% + 4% + 4% + 4% ) * 0.2 ) );margin-right: 4%;\"><div class=\"fusion-column-wrapper fusion-flex-column-wrapper-legacy\"><div class=\"fusion-text fusion-text-8\"><p class=\"numrao\">Seguridad<\/p>\n<p class=\"motiu\">Nuestros profesionales no se limitaran a solucionar sus necesidades actuales, sino que tambi\u00e9n prever\u00e1n las futuras.<\/p>\n<\/div><div class=\"fusion-clearfix\"><\/div><\/div><\/div><div class=\"fusion-layout-column fusion_builder_column fusion-builder-column-9 fusion_builder_column_1_5 1_5 fusion-one-fifth fusion-column-last raoindividual\" style=\"--awb-bg-size:cover;width:20%;width:calc(20% - ( ( 4% + 4% + 4% + 4% ) * 0.2 ) );\"><div class=\"fusion-column-wrapper fusion-flex-column-wrapper-legacy\"><div class=\"fusion-text fusion-text-9\"><p class=\"numrao\">Eficacia<\/p>\n<p class=\"motiu\">Nuestro servicio se caracteriza por dar una respuesta r\u00e1pida, haciendo un trabajo preciso, implicado y riguroso.<\/p>\n<\/div><div class=\"fusion-clearfix\"><\/div><\/div><\/div><\/div><\/div><div class=\"fusion-fullwidth fullwidth-box fusion-builder-row-4 nonhundred-percent-fullwidth non-hundred-percent-height-scrolling\" style=\"--awb-border-radius-top-left:0px;--awb-border-radius-top-right:0px;--awb-border-radius-bottom-right:0px;--awb-border-radius-bottom-left:0px;--awb-margin-top:40px;--awb-flex-wrap:wrap;\" ><div class=\"fusion-builder-row fusion-row\"><div class=\"fusion-layout-column fusion_builder_column fusion-builder-column-10 fusion_builder_column_1_2 1_2 fusion-one-half fusion-column-first\" style=\"--awb-bg-size:cover;width:50%;width:calc(50% - ( ( 4% ) * 0.5 ) );margin-right: 4%;\"><div class=\"fusion-column-wrapper fusion-flex-column-wrapper-legacy\"><div class=\"fusion-text fusion-text-10\"><div id=\"historiahome\">\n<h2>Con\u00f3cenos<\/h2>\n<p>Tenemos un equipo multidisciplinar y altamente especializado y sabemos que el trabajo en equipo es fundamental para conseguir los mejores resultados.<br \/>\nConfiando en nosotros tendr\u00e1s un trato directo y diario con el equipo, que te ayudar\u00e1 en cada momento apoyando el crecimiento de tu empresa.<br \/>\n<a href=\"\/es\/quien-somos\/\">M\u00e1s informaci\u00f3n sobre nosotros<\/a><\/p>\n<\/div>\n<\/div><div class=\"fusion-clearfix\"><\/div><\/div><\/div><div class=\"fusion-layout-column fusion_builder_column fusion-builder-column-11 fusion_builder_column_1_2 1_2 fusion-one-half fusion-column-last\" style=\"--awb-bg-size:cover;width:50%;width:calc(50% - ( ( 4% ) * 0.5 ) );\"><div class=\"fusion-column-wrapper fusion-flex-column-wrapper-legacy\"><div class=\"fusion-text fusion-text-11\"><p><img decoding=\"async\" class=\"alignnone wp-image-628 size-full\" src=\"https:\/\/www.alegreadvocats.com\/wp-content\/uploads\/2024\/12\/foto-inicio.jpg\" alt=\"\" width=\"900\" height=\"749\" srcset=\"https:\/\/www.alegreadvocats.com\/wp-content\/uploads\/2024\/12\/foto-inicio-200x166.jpg 200w, https:\/\/www.alegreadvocats.com\/wp-content\/uploads\/2024\/12\/foto-inicio-300x250.jpg 300w, https:\/\/www.alegreadvocats.com\/wp-content\/uploads\/2024\/12\/foto-inicio-400x333.jpg 400w, https:\/\/www.alegreadvocats.com\/wp-content\/uploads\/2024\/12\/foto-inicio-600x499.jpg 600w, https:\/\/www.alegreadvocats.com\/wp-content\/uploads\/2024\/12\/foto-inicio-768x639.jpg 768w, https:\/\/www.alegreadvocats.com\/wp-content\/uploads\/2024\/12\/foto-inicio-800x666.jpg 800w, https:\/\/www.alegreadvocats.com\/wp-content\/uploads\/2024\/12\/foto-inicio.jpg 900w\" sizes=\"(max-width: 900px) 100vw, 900px\" \/><\/p>\n<\/div><div class=\"fusion-clearfix\"><\/div><\/div><\/div><\/div><\/div><\/p>\n","protected":false},"excerpt":{"rendered":"","protected":false},"author":1,"featured_media":0,"parent":0,"menu_order":0,"comment_status":"closed","ping_status":"closed","template":"100-width.php","meta":{"footnotes":""},"class_list":["post-273","page","type-page","status-publish","hentry"],"yoast_head":"<!-- This site is optimized with the Yoast SEO plugin v24.0 - https:\/\/yoast.com\/wordpress\/plugins\/seo\/ -->\n<title>Alegre Advocats - Despatx d\u2019advocats a Barcelona<\/title>\n<meta name=\"description\" content=\"ALEGRE ADVOCATS \u00e9s un despatx d\u2019advocats especialitzats en Dret Mercantil i Societari, Dret laboral, Seguretat Social i Dret Civil situats a Barcelona.\" \/>\n<meta name=\"robots\" content=\"index, follow, max-snippet:-1, max-image-preview:large, max-video-preview:-1\" \/>\n<link rel=\"canonical\" href=\"https:\/\/www.alegreadvocats.com\/es\/\" \/>\n<meta property=\"og:locale\" content=\"es_ES\" \/>\n<meta property=\"og:type\" content=\"article\" \/>\n<meta property=\"og:title\" content=\"Alegre Advocats - Despatx d\u2019advocats a Barcelona\" \/>\n<meta property=\"og:description\" content=\"ALEGRE ADVOCATS \u00e9s un despatx d\u2019advocats especialitzats en Dret Mercantil i Societari, Dret laboral, Seguretat Social i Dret Civil situats a Barcelona.\" \/>\n<meta property=\"og:url\" content=\"https:\/\/www.alegreadvocats.com\/es\/\" \/>\n<meta property=\"og:site_name\" content=\"Alegre Advocats\" \/>\n<meta property=\"article:modified_time\" content=\"2024-12-03T16:13:25+00:00\" \/>\n<meta property=\"og:image\" content=\"https:\/\/www.alegreadvocats.com\/wp-content\/uploads\/2024\/12\/foto-inicio.jpg\" \/>\n\t<meta property=\"og:image:width\" content=\"900\" \/>\n\t<meta property=\"og:image:height\" content=\"749\" \/>\n\t<meta property=\"og:image:type\" content=\"image\/jpeg\" \/>\n<meta name=\"twitter:card\" content=\"summary_large_image\" \/>\n<meta name=\"twitter:label1\" content=\"Tiempo de lectura\" \/>\n\t<meta name=\"twitter:data1\" content=\"3 minutos\" \/>\n<script type=\"application\/ld+json\" class=\"yoast-schema-graph\">{\"@context\":\"https:\/\/schema.org\",\"@graph\":[{\"@type\":\"WebPage\",\"@id\":\"https:\/\/www.alegreadvocats.com\/es\/\",\"url\":\"https:\/\/www.alegreadvocats.com\/es\/\",\"name\":\"Alegre Advocats - Despatx d\u2019advocats a Barcelona\",\"isPartOf\":{\"@id\":\"https:\/\/www.alegreadvocats.com\/#website\"},\"primaryImageOfPage\":{\"@id\":\"https:\/\/www.alegreadvocats.com\/es\/#primaryimage\"},\"image\":{\"@id\":\"https:\/\/www.alegreadvocats.com\/es\/#primaryimage\"},\"thumbnailUrl\":\"https:\/\/www.alegreadvocats.com\/wp-content\/uploads\/2024\/12\/foto-inicio.jpg\",\"datePublished\":\"2019-01-07T12:53:22+00:00\",\"dateModified\":\"2024-12-03T16:13:25+00:00\",\"description\":\"ALEGRE ADVOCATS \u00e9s un despatx d\u2019advocats especialitzats en Dret Mercantil i Societari, Dret laboral, Seguretat Social i Dret Civil situats a Barcelona.\",\"breadcrumb\":{\"@id\":\"https:\/\/www.alegreadvocats.com\/es\/#breadcrumb\"},\"inLanguage\":\"es\",\"potentialAction\":[{\"@type\":\"ReadAction\",\"target\":[\"https:\/\/www.alegreadvocats.com\/es\/\"]}]},{\"@type\":\"ImageObject\",\"inLanguage\":\"es\",\"@id\":\"https:\/\/www.alegreadvocats.com\/es\/#primaryimage\",\"url\":\"https:\/\/www.alegreadvocats.com\/wp-content\/uploads\/2024\/12\/foto-inicio.jpg\",\"contentUrl\":\"https:\/\/www.alegreadvocats.com\/wp-content\/uploads\/2024\/12\/foto-inicio.jpg\"},{\"@type\":\"BreadcrumbList\",\"@id\":\"https:\/\/www.alegreadvocats.com\/es\/#breadcrumb\",\"itemListElement\":[{\"@type\":\"ListItem\",\"position\":1,\"name\":\"Portada\",\"item\":\"https:\/\/www.alegreadvocats.com\/es\/\"},{\"@type\":\"ListItem\",\"position\":2,\"name\":\"Inicio\"}]},{\"@type\":\"WebSite\",\"@id\":\"https:\/\/www.alegreadvocats.com\/#website\",\"url\":\"https:\/\/www.alegreadvocats.com\/\",\"name\":\"Alegre Advocats\",\"description\":\"Despatx d&#039;advocats a Barcelona\",\"publisher\":{\"@id\":\"https:\/\/www.alegreadvocats.com\/#organization\"},\"potentialAction\":[{\"@type\":\"SearchAction\",\"target\":{\"@type\":\"EntryPoint\",\"urlTemplate\":\"https:\/\/www.alegreadvocats.com\/?s={search_term_string}\"},\"query-input\":{\"@type\":\"PropertyValueSpecification\",\"valueRequired\":true,\"valueName\":\"search_term_string\"}}],\"inLanguage\":\"es\"},{\"@type\":\"Organization\",\"@id\":\"https:\/\/www.alegreadvocats.com\/#organization\",\"name\":\"ALEGRE ADVOCATS\",\"url\":\"https:\/\/www.alegreadvocats.com\/\",\"logo\":{\"@type\":\"ImageObject\",\"inLanguage\":\"es\",\"@id\":\"https:\/\/www.alegreadvocats.com\/#\/schema\/logo\/image\/\",\"url\":\"https:\/\/www.alegreadvocats.com\/wp-content\/uploads\/2019\/02\/LogoAlegreAdvocats400.png\",\"contentUrl\":\"https:\/\/www.alegreadvocats.com\/wp-content\/uploads\/2019\/02\/LogoAlegreAdvocats400.png\",\"width\":400,\"height\":80,\"caption\":\"ALEGRE ADVOCATS\"},\"image\":{\"@id\":\"https:\/\/www.alegreadvocats.com\/#\/schema\/logo\/image\/\"}}]}<\/script>\n<!-- \/ Yoast SEO plugin. -->","yoast_head_json":{"title":"Alegre Advocats - Despatx d\u2019advocats a Barcelona","description":"ALEGRE ADVOCATS \u00e9s un despatx d\u2019advocats especialitzats en Dret Mercantil i Societari, Dret laboral, Seguretat Social i Dret Civil situats a Barcelona.","robots":{"index":"index","follow":"follow","max-snippet":"max-snippet:-1","max-image-preview":"max-image-preview:large","max-video-preview":"max-video-preview:-1"},"canonical":"https:\/\/www.alegreadvocats.com\/es\/","og_locale":"es_ES","og_type":"article","og_title":"Alegre Advocats - Despatx d\u2019advocats a Barcelona","og_description":"ALEGRE ADVOCATS \u00e9s un despatx d\u2019advocats especialitzats en Dret Mercantil i Societari, Dret laboral, Seguretat Social i Dret Civil situats a Barcelona.","og_url":"https:\/\/www.alegreadvocats.com\/es\/","og_site_name":"Alegre Advocats","article_modified_time":"2024-12-03T16:13:25+00:00","og_image":[{"width":900,"height":749,"url":"https:\/\/www.alegreadvocats.com\/wp-content\/uploads\/2024\/12\/foto-inicio.jpg","type":"image\/jpeg"}],"twitter_card":"summary_large_image","twitter_misc":{"Tiempo de lectura":"3 minutos"},"schema":{"@context":"https:\/\/schema.org","@graph":[{"@type":"WebPage","@id":"https:\/\/www.alegreadvocats.com\/es\/","url":"https:\/\/www.alegreadvocats.com\/es\/","name":"Alegre Advocats - Despatx d\u2019advocats a Barcelona","isPartOf":{"@id":"https:\/\/www.alegreadvocats.com\/#website"},"primaryImageOfPage":{"@id":"https:\/\/www.alegreadvocats.com\/es\/#primaryimage"},"image":{"@id":"https:\/\/www.alegreadvocats.com\/es\/#primaryimage"},"thumbnailUrl":"https:\/\/www.alegreadvocats.com\/wp-content\/uploads\/2024\/12\/foto-inicio.jpg","datePublished":"2019-01-07T12:53:22+00:00","dateModified":"2024-12-03T16:13:25+00:00","description":"ALEGRE ADVOCATS \u00e9s un despatx d\u2019advocats especialitzats en Dret Mercantil i Societari, Dret laboral, Seguretat Social i Dret Civil situats a Barcelona.","breadcrumb":{"@id":"https:\/\/www.alegreadvocats.com\/es\/#breadcrumb"},"inLanguage":"es","potentialAction":[{"@type":"ReadAction","target":["https:\/\/www.alegreadvocats.com\/es\/"]}]},{"@type":"ImageObject","inLanguage":"es","@id":"https:\/\/www.alegreadvocats.com\/es\/#primaryimage","url":"https:\/\/www.alegreadvocats.com\/wp-content\/uploads\/2024\/12\/foto-inicio.jpg","contentUrl":"https:\/\/www.alegreadvocats.com\/wp-content\/uploads\/2024\/12\/foto-inicio.jpg"},{"@type":"BreadcrumbList","@id":"https:\/\/www.alegreadvocats.com\/es\/#breadcrumb","itemListElement":[{"@type":"ListItem","position":1,"name":"Portada","item":"https:\/\/www.alegreadvocats.com\/es\/"},{"@type":"ListItem","position":2,"name":"Inicio"}]},{"@type":"WebSite","@id":"https:\/\/www.alegreadvocats.com\/#website","url":"https:\/\/www.alegreadvocats.com\/","name":"Alegre Advocats","description":"Despatx d&#039;advocats a Barcelona","publisher":{"@id":"https:\/\/www.alegreadvocats.com\/#organization"},"potentialAction":[{"@type":"SearchAction","target":{"@type":"EntryPoint","urlTemplate":"https:\/\/www.alegreadvocats.com\/?s={search_term_string}"},"query-input":{"@type":"PropertyValueSpecification","valueRequired":true,"valueName":"search_term_string"}}],"inLanguage":"es"},{"@type":"Organization","@id":"https:\/\/www.alegreadvocats.com\/#organization","name":"ALEGRE ADVOCATS","url":"https:\/\/www.alegreadvocats.com\/","logo":{"@type":"ImageObject","inLanguage":"es","@id":"https:\/\/www.alegreadvocats.com\/#\/schema\/logo\/image\/","url":"https:\/\/www.alegreadvocats.com\/wp-content\/uploads\/2019\/02\/LogoAlegreAdvocats400.png","contentUrl":"https:\/\/www.alegreadvocats.com\/wp-content\/uploads\/2019\/02\/LogoAlegreAdvocats400.png","width":400,"height":80,"caption":"ALEGRE ADVOCATS"},"image":{"@id":"https:\/\/www.alegreadvocats.com\/#\/schema\/logo\/image\/"}}]}},"_links":{"self":[{"href":"https:\/\/www.alegreadvocats.com\/es\/wp-json\/wp\/v2\/pages\/273","targetHints":{"allow":["GET"]}}],"collection":[{"href":"https:\/\/www.alegreadvocats.com\/es\/wp-json\/wp\/v2\/pages"}],"about":[{"href":"https:\/\/www.alegreadvocats.com\/es\/wp-json\/wp\/v2\/types\/page"}],"author":[{"embeddable":true,"href":"https:\/\/www.alegreadvocats.com\/es\/wp-json\/wp\/v2\/users\/1"}],"replies":[{"embeddable":true,"href":"https:\/\/www.alegreadvocats.com\/es\/wp-json\/wp\/v2\/comments?post=273"}],"version-history":[{"count":14,"href":"https:\/\/www.alegreadvocats.com\/es\/wp-json\/wp\/v2\/pages\/273\/revisions"}],"predecessor-version":[{"id":642,"href":"https:\/\/www.alegreadvocats.com\/es\/wp-json\/wp\/v2\/pages\/273\/revisions\/642"}],"wp:attachment":[{"href":"https:\/\/www.alegreadvocats.com\/es\/wp-json\/wp\/v2\/media?parent=273"}],"curies":[{"name":"wp","href":"https:\/\/api.w.org\/{rel}","templated":true}]}}